{"id":309,"date":"2024-04-24T13:21:33","date_gmt":"2024-04-24T11:21:33","guid":{"rendered":"https:\/\/wp.scottandirwin-demo.com\/?page_id=309"},"modified":"2024-05-06T23:58:13","modified_gmt":"2024-05-06T21:58:13","slug":"hidrolimpiadora-hl4800pro","status":"publish","type":"page","link":"https:\/\/wp.scottandirwin-demo.com\/pt\/hidrolimpiadora-hl4800pro\/","title":{"rendered":"Hidrolimpiadora HL4800PROE"},"content":{"rendered":"<div class=\"wp-block-columns alignfull is-layout-flex wp-container-core-columns-is-layout-27 wp-block-columns-is-layout-flex\">\n<div class=\"wp-block-column is-layout-flow wp-block-column-is-layout-flow\">\n<div class=\"block-wrapper\"><div class=\"iframe-container\" style=\"width:250vw\"><div class=\"iframe-button-container\"><iframe class=\"viewer-frame\" id=\"api-frame\" data-model-uid=\"d374ef0664d048bf8aa89fcb3089b4f9\" allow=\"autoplay; xr-spatial-tracking\" allowfullscreen mozallowfullscreen=\"true\" webkitallowfullscreen=\"true\"><\/iframe><div class=\"anim-buttons-container\"><button class=\"viewer-button viewer-button-animation\" style=\"font-size:14px;padding:10px\" data-animationnum=\"3\" data-cameranum=\"1\"><span class=\"viewer-button-icon\" style=\"width:14px;aspect-ratio:1\/1\"><svg xmlns=\"http:\/\/www.w3.org\/2000\/svg\" viewbox=\"0 0 16.1 16.1\"><path d=\"m12 8.6-5.4 3.1c-.4.2-.8-.1-.8-.5V4.9c0-.4.5-.7.8-.5L12 7.6c.3.2.3.7 0 1zm4.1-.5C16.1 3.6 12.5 0 8 0 3.6 0 0 3.6 0 8.1c0 4.4 3.6 8.1 8.1 8.1 4.4-.1 8-3.7 8-8.1zm-.6 0c0 4.1-3.3 7.5-7.5 7.5S.5 12.3.5 8.1 4 .6 8.1.6s7.4 3.4 7.4 7.5z\"><\/path><\/svg><\/span><span>Coloque o bico<\/span><\/button><button class=\"viewer-button viewer-button-animation\" style=\"font-size:14px;padding:10px\" data-animationnum=\"1\" data-cameranum=\"2\"><span class=\"viewer-button-icon\" style=\"width:14px;aspect-ratio:1\/1\"><svg xmlns=\"http:\/\/www.w3.org\/2000\/svg\" viewbox=\"0 0 16.1 16.1\"><path d=\"m12 8.6-5.4 3.1c-.4.2-.8-.1-.8-.5V4.9c0-.4.5-.7.8-.5L12 7.6c.3.2.3.7 0 1zm4.1-.5C16.1 3.6 12.5 0 8 0 3.6 0 0 3.6 0 8.1c0 4.4 3.6 8.1 8.1 8.1 4.4-.1 8-3.7 8-8.1zm-.6 0c0 4.1-3.3 7.5-7.5 7.5S.5 12.3.5 8.1 4 .6 8.1.6s7.4 3.4 7.4 7.5z\"><\/path><\/svg><\/span><span>Regular a press\u00e3o e o fluxo<\/span><\/button><button class=\"viewer-button viewer-button-window\" style=\"font-size:14px;padding:10px\" data-windowbutton=\"8629\"><span class=\"viewer-button-icon\" style=\"width:14px;aspect-ratio:1\/1\"><svg xmlns=\"http:\/\/www.w3.org\/2000\/svg\" viewbox=\"0 0 16.1 16.1\"><path d=\"m12 8.6-5.4 3.1c-.4.2-.8-.1-.8-.5V4.9c0-.4.5-.7.8-.5L12 7.6c.3.2.3.7 0 1zm4.1-.5C16.1 3.6 12.5 0 8 0 3.6 0 0 3.6 0 8.1c0 4.4 3.6 8.1 8.1 8.1 4.4-.1 8-3.7 8-8.1zm-.6 0c0 4.1-3.3 7.5-7.5 7.5S.5 12.3.5 8.1 4 .6 8.1.6s7.4 3.4 7.4 7.5z\"><\/path><\/svg><\/span><span>Acess\u00f3rios<\/span><\/button><\/div><\/div><\/div><div class=\"innerblocks-container\"><div class=\"innerblocks-wrapper\">\n<h2 class=\"wp-block-heading has-body-font-family\" style=\"font-size:clamp(1.146rem, 1.146rem + ((1vw - 0.2rem) * 1.09), 1.8rem);\"><strong>LAVADORA DE ALTA PRESS\u00c3O<\/strong><\/h2>\n\n\n\n<h2 class=\"wp-block-heading has-body-font-family has-large-font-size\">HL4800PROE<\/h2>\n\n\n\n<div class=\"wp-block-ourplugin-viewer-content-block content-block-internal-HS1 hotspot-container content-block-hidden\" data-hotspot-name=\"HS1\">\n<div class=\"wp-block-columns is-layout-flex wp-container-core-columns-is-layout-2 wp-block-columns-is-layout-flex\">\n<div class=\"wp-block-column is-layout-flow wp-block-column-is-layout-flow\" style=\"flex-basis:70%\">\n<div style=\"height:10px\" aria-hidden=\"true\" class=\"wp-block-spacer\"><\/div>\n\n\n\n<div class=\"wp-block-columns is-layout-flex wp-container-core-columns-is-layout-1 wp-block-columns-is-layout-flex\">\n<div class=\"wp-block-column is-layout-flow wp-block-column-is-layout-flow\" style=\"flex-basis:10%\">\n<figure class=\"wp-block-image size-full\"><img loading=\"lazy\" decoding=\"async\" width=\"500\" height=\"500\" src=\"https:\/\/wp.scottandirwin-demo.com\/wp-content\/uploads\/2024\/04\/1.png\" alt=\"\" class=\"wp-image-72\" srcset=\"https:\/\/wp.scottandirwin-demo.com\/wp-content\/uploads\/2024\/04\/1.png 500w, https:\/\/wp.scottandirwin-demo.com\/wp-content\/uploads\/2024\/04\/1-300x300.png 300w, https:\/\/wp.scottandirwin-demo.com\/wp-content\/uploads\/2024\/04\/1-150x150.png 150w\" sizes=\"(max-width: 500px) 100vw, 500px\" \/><\/figure>\n<\/div>\n\n\n\n<div class=\"wp-block-column is-layout-flow wp-block-column-is-layout-flow\">\n<h3 class=\"wp-block-heading has-body-font-family\" style=\"font-size:clamp(0.875rem, 0.875rem + ((1vw - 0.2rem) * 0.708), 1.3rem);\"><strong>CABE\u00c7A DE BOMBA DE LAT\u00c3O<\/strong><\/h3>\n\n\n\n<p>M\u00e1xima durabilidade, permitindo uso intensivo e duradouro.<\/p>\n<\/div>\n<\/div>\n<\/div>\n<\/div>\n<\/div>\n\n\n\n<div class=\"wp-block-ourplugin-viewer-content-block content-block-internal-HS2 hotspot-container content-block-hidden\" data-hotspot-name=\"HS2\">\n<div class=\"wp-block-columns is-layout-flex wp-container-core-columns-is-layout-4 wp-block-columns-is-layout-flex\">\n<div class=\"wp-block-column is-layout-flow wp-block-column-is-layout-flow\" style=\"flex-basis:70%\">\n<div style=\"height:10px\" aria-hidden=\"true\" class=\"wp-block-spacer\"><\/div>\n\n\n\n<div class=\"wp-block-columns is-layout-flex wp-container-core-columns-is-layout-3 wp-block-columns-is-layout-flex\">\n<div class=\"wp-block-column is-layout-flow wp-block-column-is-layout-flow\" style=\"flex-basis:10%\">\n<figure class=\"wp-block-image size-full\"><img loading=\"lazy\" decoding=\"async\" width=\"500\" height=\"500\" src=\"https:\/\/wp.scottandirwin-demo.com\/wp-content\/uploads\/2024\/04\/2.png\" alt=\"\" class=\"wp-image-89\" srcset=\"https:\/\/wp.scottandirwin-demo.com\/wp-content\/uploads\/2024\/04\/2.png 500w, https:\/\/wp.scottandirwin-demo.com\/wp-content\/uploads\/2024\/04\/2-300x300.png 300w, https:\/\/wp.scottandirwin-demo.com\/wp-content\/uploads\/2024\/04\/2-150x150.png 150w\" sizes=\"(max-width: 500px) 100vw, 500px\" \/><\/figure>\n<\/div>\n\n\n\n<div class=\"wp-block-column is-layout-flow wp-block-column-is-layout-flow\">\n<h3 class=\"wp-block-heading has-body-font-family\" style=\"font-size:clamp(0.875rem, 0.875rem + ((1vw - 0.2rem) * 0.708), 1.3rem);\"><strong>CHASSI DE A\u00c7O<\/strong><\/h3>\n<\/div>\n<\/div>\n<\/div>\n<\/div>\n<\/div>\n\n\n\n<div class=\"wp-block-ourplugin-viewer-content-block content-block-internal-HS3 hotspot-container content-block-hidden\" data-hotspot-name=\"HS3\">\n<div class=\"wp-block-columns is-layout-flex wp-container-core-columns-is-layout-6 wp-block-columns-is-layout-flex\">\n<div class=\"wp-block-column is-layout-flow wp-block-column-is-layout-flow\" style=\"flex-basis:70%\">\n<div style=\"height:10px\" aria-hidden=\"true\" class=\"wp-block-spacer\"><\/div>\n\n\n\n<div class=\"wp-block-columns is-layout-flex wp-container-core-columns-is-layout-5 wp-block-columns-is-layout-flex\">\n<div class=\"wp-block-column is-layout-flow wp-block-column-is-layout-flow\" style=\"flex-basis:10%\">\n<figure class=\"wp-block-image size-full\"><img loading=\"lazy\" decoding=\"async\" width=\"500\" height=\"500\" src=\"https:\/\/wp.scottandirwin-demo.com\/wp-content\/uploads\/2024\/04\/3.png\" alt=\"\" class=\"wp-image-93\" srcset=\"https:\/\/wp.scottandirwin-demo.com\/wp-content\/uploads\/2024\/04\/3.png 500w, https:\/\/wp.scottandirwin-demo.com\/wp-content\/uploads\/2024\/04\/3-300x300.png 300w, https:\/\/wp.scottandirwin-demo.com\/wp-content\/uploads\/2024\/04\/3-150x150.png 150w\" sizes=\"(max-width: 500px) 100vw, 500px\" \/><\/figure>\n<\/div>\n\n\n\n<div class=\"wp-block-column is-layout-flow wp-block-column-is-layout-flow\">\n<h3 class=\"wp-block-heading has-body-font-family\" style=\"font-size:clamp(0.875rem, 0.875rem + ((1vw - 0.2rem) * 0.708), 1.3rem);\"><strong>MANGUEIRA DE ALTA PRESS\u00c3O<\/strong><\/h3>\n\n\n\n<p>Refor\u00e7ado com a\u00e7o 15M<\/p>\n<\/div>\n<\/div>\n<\/div>\n<\/div>\n<\/div>\n\n\n\n<div class=\"wp-block-ourplugin-viewer-content-block content-block-internal-HS4 hotspot-container content-block-hidden\" data-hotspot-name=\"HS4\">\n<div class=\"wp-block-columns is-layout-flex wp-container-core-columns-is-layout-8 wp-block-columns-is-layout-flex\">\n<div class=\"wp-block-column is-layout-flow wp-block-column-is-layout-flow\" style=\"flex-basis:70%\">\n<div style=\"height:10px\" aria-hidden=\"true\" class=\"wp-block-spacer\"><\/div>\n\n\n\n<div class=\"wp-block-columns is-layout-flex wp-container-core-columns-is-layout-7 wp-block-columns-is-layout-flex\">\n<div class=\"wp-block-column is-layout-flow wp-block-column-is-layout-flow\" style=\"flex-basis:10%\">\n<figure class=\"wp-block-image size-full\"><img loading=\"lazy\" decoding=\"async\" width=\"500\" height=\"500\" src=\"https:\/\/wp.scottandirwin-demo.com\/wp-content\/uploads\/2024\/04\/4.png\" alt=\"\" class=\"wp-image-96\" srcset=\"https:\/\/wp.scottandirwin-demo.com\/wp-content\/uploads\/2024\/04\/4.png 500w, https:\/\/wp.scottandirwin-demo.com\/wp-content\/uploads\/2024\/04\/4-300x300.png 300w, https:\/\/wp.scottandirwin-demo.com\/wp-content\/uploads\/2024\/04\/4-150x150.png 150w\" sizes=\"(max-width: 500px) 100vw, 500px\" \/><\/figure>\n<\/div>\n\n\n\n<div class=\"wp-block-column is-layout-flow wp-block-column-is-layout-flow\">\n<h3 class=\"wp-block-heading has-body-font-family\" style=\"font-size:clamp(0.875rem, 0.875rem + ((1vw - 0.2rem) * 0.708), 1.3rem);\"><strong>DADOS<\/strong><\/h3>\n\n\n\n<p>CAUDAL M\u00c1XIMO: 800 l\/h PRESS\u00c3O M\u00c1XIMA: 170 bar POT\u00caNCIA: 4,8 Kw trif\u00e1sico<\/p>\n<\/div>\n<\/div>\n<\/div>\n<\/div>\n<\/div>\n\n\n\n<div class=\"wp-block-ourplugin-viewer-content-block content-block-internal-HS5 hotspot-container content-block-hidden\" data-hotspot-name=\"HS5\">\n<div class=\"wp-block-columns is-layout-flex wp-container-core-columns-is-layout-10 wp-block-columns-is-layout-flex\">\n<div class=\"wp-block-column is-layout-flow wp-block-column-is-layout-flow\" style=\"flex-basis:70%\">\n<div style=\"height:10px\" aria-hidden=\"true\" class=\"wp-block-spacer\"><\/div>\n\n\n\n<div class=\"wp-block-columns is-layout-flex wp-container-core-columns-is-layout-9 wp-block-columns-is-layout-flex\">\n<div class=\"wp-block-column is-layout-flow wp-block-column-is-layout-flow\" style=\"flex-basis:10%\">\n<figure class=\"wp-block-image size-full\"><img loading=\"lazy\" decoding=\"async\" width=\"500\" height=\"500\" src=\"https:\/\/wp.scottandirwin-demo.com\/wp-content\/uploads\/2024\/04\/5.png\" alt=\"\" class=\"wp-image-151\" srcset=\"https:\/\/wp.scottandirwin-demo.com\/wp-content\/uploads\/2024\/04\/5.png 500w, https:\/\/wp.scottandirwin-demo.com\/wp-content\/uploads\/2024\/04\/5-300x300.png 300w, https:\/\/wp.scottandirwin-demo.com\/wp-content\/uploads\/2024\/04\/5-150x150.png 150w\" sizes=\"(max-width: 500px) 100vw, 500px\" \/><\/figure>\n<\/div>\n\n\n\n<div class=\"wp-block-column is-layout-flow wp-block-column-is-layout-flow\">\n<h3 class=\"wp-block-heading has-body-font-family\" style=\"font-size:clamp(0.875rem, 0.875rem + ((1vw - 0.2rem) * 0.708), 1.3rem);\"><strong>REGULA\u00c7\u00c3O DA PRESS\u00c3O E DO FLUXO DA \u00c1GUA<\/strong><\/h3>\n<\/div>\n<\/div>\n<\/div>\n<\/div>\n<\/div>\n\n\n\n<div class=\"wp-block-ourplugin-viewer-content-block content-block-internal-HS6 hotspot-container content-block-hidden\" data-hotspot-name=\"HS6\">\n<div class=\"wp-block-columns is-layout-flex wp-container-core-columns-is-layout-12 wp-block-columns-is-layout-flex\">\n<div class=\"wp-block-column is-layout-flow wp-block-column-is-layout-flow\" style=\"flex-basis:70%\">\n<div style=\"height:10px\" aria-hidden=\"true\" class=\"wp-block-spacer\"><\/div>\n\n\n\n<div class=\"wp-block-columns is-layout-flex wp-container-core-columns-is-layout-11 wp-block-columns-is-layout-flex\">\n<div class=\"wp-block-column is-layout-flow wp-block-column-is-layout-flow\" style=\"flex-basis:10%\">\n<figure class=\"wp-block-image size-full\"><img loading=\"lazy\" decoding=\"async\" width=\"500\" height=\"500\" src=\"https:\/\/wp.scottandirwin-demo.com\/wp-content\/uploads\/2024\/04\/6.png\" alt=\"\" class=\"wp-image-102\" srcset=\"https:\/\/wp.scottandirwin-demo.com\/wp-content\/uploads\/2024\/04\/6.png 500w, https:\/\/wp.scottandirwin-demo.com\/wp-content\/uploads\/2024\/04\/6-300x300.png 300w, https:\/\/wp.scottandirwin-demo.com\/wp-content\/uploads\/2024\/04\/6-150x150.png 150w\" sizes=\"(max-width: 500px) 100vw, 500px\" \/><\/figure>\n<\/div>\n\n\n\n<div class=\"wp-block-column is-layout-flow wp-block-column-is-layout-flow\">\n<h3 class=\"wp-block-heading has-body-font-family\" style=\"font-size:clamp(0.875rem, 0.875rem + ((1vw - 0.2rem) * 0.708), 1.3rem);\"><strong>MOTOR DE INDU\u00c7\u00c3O<\/strong><\/h3>\n\n\n\n<p>Ela gera um campo magn\u00e9tico que a impulsiona. \u00c9 utilizada nas lavadoras de alta press\u00e3o mais utilizadas, pois garante uma vida \u00fatil mais longa.<\/p>\n<\/div>\n<\/div>\n<\/div>\n<\/div>\n<\/div>\n\n\n\n<div class=\"wp-block-ourplugin-viewer-content-block content-block-internal-HS7 hotspot-container content-block-hidden\" data-hotspot-name=\"HS7\">\n<div class=\"wp-block-columns is-layout-flex wp-container-core-columns-is-layout-14 wp-block-columns-is-layout-flex\">\n<div class=\"wp-block-column is-layout-flow wp-block-column-is-layout-flow\" style=\"flex-basis:70%\">\n<div style=\"height:10px\" aria-hidden=\"true\" class=\"wp-block-spacer\"><\/div>\n\n\n\n<div class=\"wp-block-columns is-layout-flex wp-container-core-columns-is-layout-13 wp-block-columns-is-layout-flex\">\n<div class=\"wp-block-column is-layout-flow wp-block-column-is-layout-flow\" style=\"flex-basis:10%\">\n<figure class=\"wp-block-image size-full\"><img loading=\"lazy\" decoding=\"async\" width=\"500\" height=\"500\" src=\"https:\/\/wp.scottandirwin-demo.com\/wp-content\/uploads\/2024\/04\/7.png\" alt=\"\" class=\"wp-image-158\" srcset=\"https:\/\/wp.scottandirwin-demo.com\/wp-content\/uploads\/2024\/04\/7.png 500w, https:\/\/wp.scottandirwin-demo.com\/wp-content\/uploads\/2024\/04\/7-300x300.png 300w, https:\/\/wp.scottandirwin-demo.com\/wp-content\/uploads\/2024\/04\/7-150x150.png 150w\" sizes=\"(max-width: 500px) 100vw, 500px\" \/><\/figure>\n<\/div>\n\n\n\n<div class=\"wp-block-column is-layout-flow wp-block-column-is-layout-flow\">\n<h3 class=\"wp-block-heading has-body-font-family\" style=\"font-size:clamp(0.875rem, 0.875rem + ((1vw - 0.2rem) * 0.708), 1.3rem);\"><strong>CAPACIDADE DE SUC\u00c7\u00c3O DE \u00c1GUA<\/strong><\/h3>\n<\/div>\n<\/div>\n<\/div>\n<\/div>\n<\/div>\n\n\n\n<div class=\"wp-block-ourplugin-viewer-content-block content-block-internal-HS8 hotspot-container content-block-hidden\" data-hotspot-name=\"HS8\">\n<div class=\"wp-block-columns is-layout-flex wp-container-core-columns-is-layout-16 wp-block-columns-is-layout-flex\">\n<div class=\"wp-block-column is-layout-flow wp-block-column-is-layout-flow\" style=\"flex-basis:70%\">\n<div style=\"height:10px\" aria-hidden=\"true\" class=\"wp-block-spacer\"><\/div>\n\n\n\n<div class=\"wp-block-columns is-layout-flex wp-container-core-columns-is-layout-15 wp-block-columns-is-layout-flex\">\n<div class=\"wp-block-column is-layout-flow wp-block-column-is-layout-flow\" style=\"flex-basis:10%\">\n<figure class=\"wp-block-image size-full\"><img loading=\"lazy\" decoding=\"async\" width=\"500\" height=\"500\" src=\"https:\/\/wp.scottandirwin-demo.com\/wp-content\/uploads\/2024\/04\/8_-removebg-preview.png\" alt=\"\" class=\"wp-image-333\" srcset=\"https:\/\/wp.scottandirwin-demo.com\/wp-content\/uploads\/2024\/04\/8_-removebg-preview.png 500w, https:\/\/wp.scottandirwin-demo.com\/wp-content\/uploads\/2024\/04\/8_-removebg-preview-300x300.png 300w, https:\/\/wp.scottandirwin-demo.com\/wp-content\/uploads\/2024\/04\/8_-removebg-preview-150x150.png 150w\" sizes=\"(max-width: 500px) 100vw, 500px\" \/><\/figure>\n<\/div>\n\n\n\n<div class=\"wp-block-column is-layout-flow wp-block-column-is-layout-flow\">\n<h3 class=\"wp-block-heading has-body-font-family\" style=\"font-size:clamp(0.875rem, 0.875rem + ((1vw - 0.2rem) * 0.708), 1.3rem);\"><strong>PIST\u00d5ES CER\u00c2MICOS<\/strong><\/h3>\n\n\n\n<p>Seu menor atrito garante uma vida \u00fatil mais longa.<\/p>\n<\/div>\n<\/div>\n<\/div>\n<\/div>\n<\/div>\n\n\n\n<div class=\"wp-block-ourplugin-viewer-content-block content-block-internal-HS9 hotspot-container content-block-hidden\" data-hotspot-name=\"HS9\">\n<div class=\"wp-block-columns is-layout-flex wp-container-core-columns-is-layout-18 wp-block-columns-is-layout-flex\">\n<div class=\"wp-block-column is-layout-flow wp-block-column-is-layout-flow\" style=\"flex-basis:70%\">\n<div style=\"height:10px\" aria-hidden=\"true\" class=\"wp-block-spacer\"><\/div>\n\n\n\n<div class=\"wp-block-columns is-layout-flex wp-container-core-columns-is-layout-17 wp-block-columns-is-layout-flex\">\n<div class=\"wp-block-column is-layout-flow wp-block-column-is-layout-flow\" style=\"flex-basis:10%\">\n<figure class=\"wp-block-image size-full\"><img loading=\"lazy\" decoding=\"async\" width=\"500\" height=\"500\" src=\"https:\/\/wp.scottandirwin-demo.com\/wp-content\/uploads\/2024\/04\/9_-removebg-preview.png\" alt=\"\" class=\"wp-image-332\" srcset=\"https:\/\/wp.scottandirwin-demo.com\/wp-content\/uploads\/2024\/04\/9_-removebg-preview.png 500w, https:\/\/wp.scottandirwin-demo.com\/wp-content\/uploads\/2024\/04\/9_-removebg-preview-300x300.png 300w, https:\/\/wp.scottandirwin-demo.com\/wp-content\/uploads\/2024\/04\/9_-removebg-preview-150x150.png 150w\" sizes=\"(max-width: 500px) 100vw, 500px\" \/><\/figure>\n<\/div>\n\n\n\n<div class=\"wp-block-column is-layout-flow wp-block-column-is-layout-flow\">\n<h3 class=\"wp-block-heading has-body-font-family\" style=\"font-size:clamp(0.875rem, 0.875rem + ((1vw - 0.2rem) * 0.708), 1.3rem);\"><strong>BOMBA DE VIRABREQUIM\/LINEAR<\/strong><\/h3>\n\n\n\n<p>Seu mecanismo de pist\u00e3o em linha garante m\u00e1ximo desempenho para uso intensivo.<\/p>\n\n\n\n<figure class=\"wp-block-image size-full is-resized\"><img loading=\"lazy\" decoding=\"async\" width=\"771\" height=\"701\" src=\"https:\/\/wp.scottandirwin-demo.com\/wp-content\/uploads\/2024\/04\/hs9i1-1.jpg\" alt=\"\" class=\"wp-image-324\" style=\"width:212px;height:auto\" srcset=\"https:\/\/wp.scottandirwin-demo.com\/wp-content\/uploads\/2024\/04\/hs9i1-1.jpg 771w, https:\/\/wp.scottandirwin-demo.com\/wp-content\/uploads\/2024\/04\/hs9i1-1-300x273.jpg 300w, https:\/\/wp.scottandirwin-demo.com\/wp-content\/uploads\/2024\/04\/hs9i1-1-768x698.jpg 768w\" sizes=\"(max-width: 771px) 100vw, 771px\" \/><\/figure>\n<\/div>\n<\/div>\n<\/div>\n<\/div>\n<\/div>\n\n\n\n<div class=\"wp-block-ourplugin-viewer-content-block content-block-internal-HS10 hotspot-container content-block-hidden\" data-hotspot-name=\"HS10\">\n<div class=\"wp-block-columns is-layout-flex wp-container-core-columns-is-layout-20 wp-block-columns-is-layout-flex\">\n<div class=\"wp-block-column is-layout-flow wp-block-column-is-layout-flow\" style=\"flex-basis:70%\">\n<div style=\"height:10px\" aria-hidden=\"true\" class=\"wp-block-spacer\"><\/div>\n\n\n\n<div class=\"wp-block-columns is-layout-flex wp-container-core-columns-is-layout-19 wp-block-columns-is-layout-flex\">\n<div class=\"wp-block-column is-layout-flow wp-block-column-is-layout-flow\" style=\"flex-basis:10%\">\n<figure class=\"wp-block-image size-full\"><img loading=\"lazy\" decoding=\"async\" width=\"500\" height=\"500\" src=\"https:\/\/wp.scottandirwin-demo.com\/wp-content\/uploads\/2024\/04\/10_-removebg-preview.png\" alt=\"\" class=\"wp-image-331\" srcset=\"https:\/\/wp.scottandirwin-demo.com\/wp-content\/uploads\/2024\/04\/10_-removebg-preview.png 500w, https:\/\/wp.scottandirwin-demo.com\/wp-content\/uploads\/2024\/04\/10_-removebg-preview-300x300.png 300w, https:\/\/wp.scottandirwin-demo.com\/wp-content\/uploads\/2024\/04\/10_-removebg-preview-150x150.png 150w\" sizes=\"(max-width: 500px) 100vw, 500px\" \/><\/figure>\n<\/div>\n\n\n\n<div class=\"wp-block-column is-layout-flow wp-block-column-is-layout-flow\">\n<h3 class=\"wp-block-heading has-body-font-family\" style=\"font-size:clamp(0.875rem, 0.875rem + ((1vw - 0.2rem) * 0.708), 1.3rem);\"><strong>CORRENTE TRIF\u00c1SICA<\/strong><\/h3>\n\n\n\n<p>Apresenta vantagens no fornecimento de energia devido \u00e0 estabilidade e desempenho, al\u00e9m de menor perda de energia.<\/p>\n<\/div>\n<\/div>\n<\/div>\n<\/div>\n<\/div>\n\n\n\n<div class=\"wp-block-ourplugin-viewer-content-block content-block-internal-initial hotspot-container content-block-hidden\" data-hotspot-name=\"initial\">\n<div class=\"wp-block-columns is-layout-flex wp-container-core-columns-is-layout-21 wp-block-columns-is-layout-flex\">\n<div class=\"wp-block-column is-layout-flow wp-block-column-is-layout-flow\" style=\"flex-basis:70%\">\n<div style=\"height:10px\" aria-hidden=\"true\" class=\"wp-block-spacer\"><\/div>\n\n\n\n<p><strong>AMPLA COBERTURA NA FAM\u00cdLIA DE LIMPEZA<\/strong><br>Adequado para limpeza de m\u00e1quinas agr\u00edcolas e industriais, oficinas agr\u00edcolas, armaz\u00e9ns industriais, setores industriais e superf\u00edcies de at\u00e9 2.000 m2.<\/p>\n\n\n\n<p><strong>LINHA PROFISSIONAL PARA USO INTENSIVO<\/strong><br>Motor de indu\u00e7\u00e3o e bomba de lat\u00e3o profissional. Uso intensivo.<\/p>\n\n\n\n<p><strong>CORRENTE TRIF\u00c1SICA<\/strong><\/p>\n\n\n\n<p><strong>CHASSI DE METAL<\/strong><\/p>\n<\/div>\n<\/div>\n<\/div>\n\n\n\n<div class=\"wp-block-ourplugin-viewer-window-block content-block-internal-window-8629 window-container content-block-hidden\" data-windownumber=\"8629\">\n<div class=\"wp-block-columns is-layout-flex wp-container-core-columns-is-layout-26 wp-block-columns-is-layout-flex\">\n<div class=\"wp-block-column is-layout-flow wp-block-column-is-layout-flow\" style=\"flex-basis:70%\">\n<div style=\"height:10px\" aria-hidden=\"true\" class=\"wp-block-spacer\"><\/div>\n\n\n\n<div class=\"wp-block-columns is-layout-flex wp-container-core-columns-is-layout-22 wp-block-columns-is-layout-flex\">\n<div class=\"wp-block-column is-layout-flow wp-block-column-is-layout-flow\" style=\"flex-basis:20%\">\n<figure class=\"wp-block-image size-full is-resized\"><img loading=\"lazy\" decoding=\"async\" width=\"494\" height=\"391\" src=\"https:\/\/wp.scottandirwin-demo.com\/wp-content\/uploads\/2024\/05\/Accesorio-01-1.png\" alt=\"\" class=\"wp-image-386\" style=\"object-fit:cover;width:70px;height:70px\" srcset=\"https:\/\/wp.scottandirwin-demo.com\/wp-content\/uploads\/2024\/05\/Accesorio-01-1.png 494w, https:\/\/wp.scottandirwin-demo.com\/wp-content\/uploads\/2024\/05\/Accesorio-01-1-300x237.png 300w, https:\/\/wp.scottandirwin-demo.com\/wp-content\/uploads\/2024\/05\/Accesorio-01-1-15x12.png 15w\" sizes=\"(max-width: 494px) 100vw, 494px\" \/><\/figure>\n<\/div>\n\n\n\n<div class=\"wp-block-column is-vertically-aligned-center is-layout-flow wp-block-column-is-layout-flow\">\n<p class=\"has-text-align-left\"><strong>L\u00e2mina de 3 pontas de 305 mm<\/strong><\/p>\n<\/div>\n<\/div>\n\n\n\n<div class=\"wp-block-columns is-layout-flex wp-container-core-columns-is-layout-23 wp-block-columns-is-layout-flex\">\n<div class=\"wp-block-column is-layout-flow wp-block-column-is-layout-flow\" style=\"flex-basis:20%\">\n<figure class=\"wp-block-image size-full is-resized\"><img loading=\"lazy\" decoding=\"async\" width=\"494\" height=\"391\" src=\"https:\/\/wp.scottandirwin-demo.com\/wp-content\/uploads\/2024\/05\/Accesorio-02-1.png\" alt=\"\" class=\"wp-image-388\" style=\"object-fit:cover;width:70px;height:70px\" srcset=\"https:\/\/wp.scottandirwin-demo.com\/wp-content\/uploads\/2024\/05\/Accesorio-02-1.png 494w, https:\/\/wp.scottandirwin-demo.com\/wp-content\/uploads\/2024\/05\/Accesorio-02-1-300x237.png 300w, https:\/\/wp.scottandirwin-demo.com\/wp-content\/uploads\/2024\/05\/Accesorio-02-1-15x12.png 15w\" sizes=\"(max-width: 494px) 100vw, 494px\" \/><\/figure>\n<\/div>\n\n\n\n<div class=\"wp-block-column is-vertically-aligned-center is-layout-flow wp-block-column-is-layout-flow\">\n<p class=\"has-text-align-left\"><strong>Cabe\u00e7a de corte semiautom\u00e1tica de 3 mm<\/strong><\/p>\n<\/div>\n<\/div>\n\n\n\n<div class=\"wp-block-columns is-layout-flex wp-container-core-columns-is-layout-24 wp-block-columns-is-layout-flex\">\n<div class=\"wp-block-column is-layout-flow wp-block-column-is-layout-flow\" style=\"flex-basis:20%\">\n<figure class=\"wp-block-image size-full is-resized\"><img loading=\"lazy\" decoding=\"async\" width=\"494\" height=\"391\" src=\"https:\/\/wp.scottandirwin-demo.com\/wp-content\/uploads\/2024\/05\/Accesorio-03-1.png\" alt=\"\" class=\"wp-image-390\" style=\"object-fit:cover;width:70px;height:70px\" srcset=\"https:\/\/wp.scottandirwin-demo.com\/wp-content\/uploads\/2024\/05\/Accesorio-03-1.png 494w, https:\/\/wp.scottandirwin-demo.com\/wp-content\/uploads\/2024\/05\/Accesorio-03-1-300x237.png 300w, https:\/\/wp.scottandirwin-demo.com\/wp-content\/uploads\/2024\/05\/Accesorio-03-1-15x12.png 15w\" sizes=\"(max-width: 494px) 100vw, 494px\" \/><\/figure>\n<\/div>\n\n\n\n<div class=\"wp-block-column is-vertically-aligned-center is-layout-flow wp-block-column-is-layout-flow\">\n<p class=\"has-text-align-left\"><strong>Recipiente de mistura de gasolina e \u00f3leo de 1L<\/strong><\/p>\n<\/div>\n<\/div>\n\n\n\n<div class=\"wp-block-columns is-layout-flex wp-container-core-columns-is-layout-25 wp-block-columns-is-layout-flex\">\n<div class=\"wp-block-column is-layout-flow wp-block-column-is-layout-flow\" style=\"flex-basis:20%\">\n<figure class=\"wp-block-image size-full is-resized\"><img loading=\"lazy\" decoding=\"async\" width=\"494\" height=\"391\" src=\"https:\/\/wp.scottandirwin-demo.com\/wp-content\/uploads\/2024\/05\/Accesorio-04-1.png\" alt=\"\" class=\"wp-image-392\" style=\"object-fit:cover;width:70px;height:70px\" srcset=\"https:\/\/wp.scottandirwin-demo.com\/wp-content\/uploads\/2024\/05\/Accesorio-04-1.png 494w, https:\/\/wp.scottandirwin-demo.com\/wp-content\/uploads\/2024\/05\/Accesorio-04-1-300x237.png 300w, https:\/\/wp.scottandirwin-demo.com\/wp-content\/uploads\/2024\/05\/Accesorio-04-1-15x12.png 15w\" sizes=\"(max-width: 494px) 100vw, 494px\" \/><\/figure>\n<\/div>\n\n\n\n<div class=\"wp-block-column is-vertically-aligned-center is-layout-flow wp-block-column-is-layout-flow\">\n<p class=\"has-text-align-left\"><strong>Arn\u00eas duplo profissional<\/strong><\/p>\n<\/div>\n<\/div>\n<\/div>\n<\/div>\n<\/div>\n<\/div><\/div><\/div><script src=\"dependency_scripts\/viewer-script.js\"><\/script>\n<\/div>\n<\/div>","protected":false},"excerpt":{"rendered":"","protected":false},"author":1,"featured_media":0,"parent":0,"menu_order":0,"comment_status":"closed","ping_status":"closed","template":"","meta":{"footnotes":""},"_links":{"self":[{"href":"https:\/\/wp.scottandirwin-demo.com\/pt\/wp-json\/wp\/v2\/pages\/309"}],"collection":[{"href":"https:\/\/wp.scottandirwin-demo.com\/pt\/wp-json\/wp\/v2\/pages"}],"about":[{"href":"https:\/\/wp.scottandirwin-demo.com\/pt\/wp-json\/wp\/v2\/types\/page"}],"author":[{"embeddable":true,"href":"https:\/\/wp.scottandirwin-demo.com\/pt\/wp-json\/wp\/v2\/users\/1"}],"replies":[{"embeddable":true,"href":"https:\/\/wp.scottandirwin-demo.com\/pt\/wp-json\/wp\/v2\/comments?post=309"}],"version-history":[{"count":10,"href":"https:\/\/wp.scottandirwin-demo.com\/pt\/wp-json\/wp\/v2\/pages\/309\/revisions"}],"predecessor-version":[{"id":493,"href":"https:\/\/wp.scottandirwin-demo.com\/pt\/wp-json\/wp\/v2\/pages\/309\/revisions\/493"}],"wp:attachment":[{"href":"https:\/\/wp.scottandirwin-demo.com\/pt\/wp-json\/wp\/v2\/media?parent=309"}],"curies":[{"name":"wp","href":"https:\/\/api.w.org\/{rel}","templated":true}]}}