{"id":246,"date":"2024-04-24T11:23:53","date_gmt":"2024-04-24T09:23:53","guid":{"rendered":"https:\/\/wp.scottandirwin-demo.com\/?page_id=246"},"modified":"2024-05-28T10:53:01","modified_gmt":"2024-05-28T08:53:01","slug":"hidrolimpiadora-hl3000pro","status":"publish","type":"page","link":"https:\/\/wp.scottandirwin-demo.com\/pt\/hidrolimpiadora-hl3000pro\/","title":{"rendered":"Lavadora de alta press\u00e3o HL3000PRO"},"content":{"rendered":"<div class=\"wp-block-columns alignfull is-layout-flex wp-container-core-columns-is-layout-23 wp-block-columns-is-layout-flex\">\n<div class=\"wp-block-column is-layout-flow wp-block-column-is-layout-flow\">\n<div class=\"block-wrapper\"><div class=\"iframe-container\" style=\"width:250vw\"><div class=\"iframe-button-container\"><iframe class=\"viewer-frame\" id=\"api-frame\" data-model-uid=\"142141c7578c49d9b3c35b6e3bb85820\" allow=\"autoplay; xr-spatial-tracking\" allowfullscreen mozallowfullscreen=\"true\" webkitallowfullscreen=\"true\"><\/iframe><div class=\"anim-buttons-container\"><button class=\"viewer-button viewer-button-animation\" style=\"font-size:14px;color:#000000bd;background-color:#c6c6c666;padding:10px\" data-animationnum=\"1\" data-cameranum=\"2\"><span class=\"viewer-button-icon\" style=\"width:14px;aspect-ratio:1\/1\"><svg xmlns=\"http:\/\/www.w3.org\/2000\/svg\" viewbox=\"0 0 16.1 16.1\"><path d=\"m12 8.6-5.4 3.1c-.4.2-.8-.1-.8-.5V4.9c0-.4.5-.7.8-.5L12 7.6c.3.2.3.7 0 1zm4.1-.5C16.1 3.6 12.5 0 8 0 3.6 0 0 3.6 0 8.1c0 4.4 3.6 8.1 8.1 8.1 4.4-.1 8-3.7 8-8.1zm-.6 0c0 4.1-3.3 7.5-7.5 7.5S.5 12.3.5 8.1 4 .6 8.1.6s7.4 3.4 7.4 7.5z\"><\/path><\/svg><\/span><span>Regular a press\u00e3o e o fluxo<\/span><\/button><button class=\"viewer-button viewer-button-window\" style=\"font-size:14px;color:#000000bd;background-color:#c6c6c666;padding:10px\" data-windowbutton=\"2749\"><span class=\"viewer-button-icon\" style=\"width:14px;aspect-ratio:1\/1\"><svg xmlns=\"http:\/\/www.w3.org\/2000\/svg\" viewbox=\"0 0 16.1 16.1\"><path d=\"m12 8.6-5.4 3.1c-.4.2-.8-.1-.8-.5V4.9c0-.4.5-.7.8-.5L12 7.6c.3.2.3.7 0 1zm4.1-.5C16.1 3.6 12.5 0 8 0 3.6 0 0 3.6 0 8.1c0 4.4 3.6 8.1 8.1 8.1 4.4-.1 8-3.7 8-8.1zm-.6 0c0 4.1-3.3 7.5-7.5 7.5S.5 12.3.5 8.1 4 .6 8.1.6s7.4 3.4 7.4 7.5z\"><\/path><\/svg><\/span><span>Acess\u00f3rios<\/span><\/button><\/div><\/div><\/div><div class=\"innerblocks-container\"><div class=\"innerblocks-wrapper\">\n<h2 class=\"wp-block-heading has-body-font-family\" style=\"font-size:clamp(1.146rem, 1.146rem + ((1vw - 0.2rem) * 1.09), 1.8rem);\"><strong>LAVADORA DE ALTA PRESS\u00c3O<\/strong><\/h2>\n\n\n\n<h2 class=\"wp-block-heading has-body-font-family has-large-font-size\">HL3000PRO<\/h2>\n\n\n\n<div class=\"wp-block-ourplugin-viewer-content-block content-block-internal-HS1 hotspot-container content-block-hidden\" data-hotspot-name=\"HS1\">\n<div class=\"wp-block-columns is-layout-flex wp-container-core-columns-is-layout-2 wp-block-columns-is-layout-flex\">\n<div class=\"wp-block-column is-layout-flow wp-block-column-is-layout-flow\" style=\"flex-basis:70%\">\n<div style=\"height:10px\" aria-hidden=\"true\" class=\"wp-block-spacer\"><\/div>\n\n\n\n<div class=\"wp-block-columns is-layout-flex wp-container-core-columns-is-layout-1 wp-block-columns-is-layout-flex\">\n<div class=\"wp-block-column is-layout-flow wp-block-column-is-layout-flow\" style=\"flex-basis:10%\">\n<figure class=\"wp-block-image size-full\"><img loading=\"lazy\" decoding=\"async\" width=\"500\" height=\"500\" src=\"https:\/\/wp.scottandirwin-demo.com\/wp-content\/uploads\/2024\/04\/5.png\" alt=\"\" class=\"wp-image-151\" srcset=\"https:\/\/wp.scottandirwin-demo.com\/wp-content\/uploads\/2024\/04\/5.png 500w, https:\/\/wp.scottandirwin-demo.com\/wp-content\/uploads\/2024\/04\/5-300x300.png 300w, https:\/\/wp.scottandirwin-demo.com\/wp-content\/uploads\/2024\/04\/5-150x150.png 150w\" sizes=\"(max-width: 500px) 100vw, 500px\" \/><\/figure>\n<\/div>\n\n\n\n<div class=\"wp-block-column is-layout-flow wp-block-column-is-layout-flow\">\n<h3 class=\"wp-block-heading has-body-font-family\" style=\"font-size:clamp(0.875rem, 0.875rem + ((1vw - 0.2rem) * 0.708), 1.3rem);\"><strong>MANGUEIRA DE ALTA PRESS\u00c3O<\/strong><\/h3>\n\n\n\n<p>Refor\u00e7ado com a\u00e7o 10M<\/p>\n<\/div>\n<\/div>\n<\/div>\n<\/div>\n<\/div>\n\n\n\n<div class=\"wp-block-ourplugin-viewer-content-block content-block-internal-HS2 hotspot-container content-block-hidden\" data-hotspot-name=\"HS2\">\n<div class=\"wp-block-columns is-layout-flex wp-container-core-columns-is-layout-4 wp-block-columns-is-layout-flex\">\n<div class=\"wp-block-column is-layout-flow wp-block-column-is-layout-flow\" style=\"flex-basis:70%\">\n<div style=\"height:10px\" aria-hidden=\"true\" class=\"wp-block-spacer\"><\/div>\n\n\n\n<div class=\"wp-block-columns is-layout-flex wp-container-core-columns-is-layout-3 wp-block-columns-is-layout-flex\">\n<div class=\"wp-block-column is-layout-flow wp-block-column-is-layout-flow\" style=\"flex-basis:10%\">\n<figure class=\"wp-block-image size-full\"><img loading=\"lazy\" decoding=\"async\" width=\"500\" height=\"500\" src=\"https:\/\/wp.scottandirwin-demo.com\/wp-content\/uploads\/2024\/04\/3.png\" alt=\"\" class=\"wp-image-93\" srcset=\"https:\/\/wp.scottandirwin-demo.com\/wp-content\/uploads\/2024\/04\/3.png 500w, https:\/\/wp.scottandirwin-demo.com\/wp-content\/uploads\/2024\/04\/3-300x300.png 300w, https:\/\/wp.scottandirwin-demo.com\/wp-content\/uploads\/2024\/04\/3-150x150.png 150w\" sizes=\"(max-width: 500px) 100vw, 500px\" \/><\/figure>\n<\/div>\n\n\n\n<div class=\"wp-block-column is-layout-flow wp-block-column-is-layout-flow\">\n<h3 class=\"wp-block-heading has-body-font-family\" style=\"font-size:clamp(0.875rem, 0.875rem + ((1vw - 0.2rem) * 0.708), 1.3rem);\"><strong>VERSATILIDADE<\/strong><\/h3>\n\n\n\n<p>Acess\u00f3rio de carrinho inclu\u00eddo para m\u00e1ximo conforto do usu\u00e1rio.<\/p>\n<\/div>\n<\/div>\n<\/div>\n<\/div>\n<\/div>\n\n\n\n<div class=\"wp-block-ourplugin-viewer-content-block content-block-internal-HS3 hotspot-container content-block-hidden\" data-hotspot-name=\"HS3\">\n<div class=\"wp-block-columns is-layout-flex wp-container-core-columns-is-layout-6 wp-block-columns-is-layout-flex\">\n<div class=\"wp-block-column is-layout-flow wp-block-column-is-layout-flow\" style=\"flex-basis:70%\">\n<div style=\"height:10px\" aria-hidden=\"true\" class=\"wp-block-spacer\"><\/div>\n\n\n\n<div class=\"wp-block-columns is-layout-flex wp-container-core-columns-is-layout-5 wp-block-columns-is-layout-flex\">\n<div class=\"wp-block-column is-layout-flow wp-block-column-is-layout-flow\" style=\"flex-basis:10%\">\n<figure class=\"wp-block-image size-full\"><img loading=\"lazy\" decoding=\"async\" width=\"500\" height=\"500\" src=\"https:\/\/wp.scottandirwin-demo.com\/wp-content\/uploads\/2024\/04\/3.png\" alt=\"\" class=\"wp-image-93\" srcset=\"https:\/\/wp.scottandirwin-demo.com\/wp-content\/uploads\/2024\/04\/3.png 500w, https:\/\/wp.scottandirwin-demo.com\/wp-content\/uploads\/2024\/04\/3-300x300.png 300w, https:\/\/wp.scottandirwin-demo.com\/wp-content\/uploads\/2024\/04\/3-150x150.png 150w\" sizes=\"(max-width: 500px) 100vw, 500px\" \/><\/figure>\n<\/div>\n\n\n\n<div class=\"wp-block-column is-layout-flow wp-block-column-is-layout-flow\">\n<h3 class=\"wp-block-heading has-body-font-family\" style=\"font-size:clamp(0.875rem, 0.875rem + ((1vw - 0.2rem) * 0.708), 1.3rem);\"><strong>DADOS<\/strong><\/h3>\n\n\n\n<p><strong>TAXA DE FLUXO M\u00c1XIMA:<\/strong> 510 l\/h<\/p>\n\n\n\n<p><strong>PRESS\u00c3O M\u00c1XIMA:<\/strong> 160 bar <\/p>\n\n\n\n<p><strong>PODER:<\/strong> 3,0 kW<\/p>\n<\/div>\n<\/div>\n<\/div>\n<\/div>\n<\/div>\n\n\n\n<div class=\"wp-block-ourplugin-viewer-content-block content-block-internal-HS4 hotspot-container content-block-hidden\" data-hotspot-name=\"HS4\">\n<div class=\"wp-block-columns is-layout-flex wp-container-core-columns-is-layout-8 wp-block-columns-is-layout-flex\">\n<div class=\"wp-block-column is-layout-flow wp-block-column-is-layout-flow\" style=\"flex-basis:70%\">\n<div style=\"height:10px\" aria-hidden=\"true\" class=\"wp-block-spacer\"><\/div>\n\n\n\n<div class=\"wp-block-columns is-layout-flex wp-container-core-columns-is-layout-7 wp-block-columns-is-layout-flex\">\n<div class=\"wp-block-column is-layout-flow wp-block-column-is-layout-flow\" style=\"flex-basis:10%\">\n<figure class=\"wp-block-image size-full\"><img loading=\"lazy\" decoding=\"async\" width=\"500\" height=\"500\" src=\"https:\/\/wp.scottandirwin-demo.com\/wp-content\/uploads\/2024\/04\/4.png\" alt=\"\" class=\"wp-image-96\" srcset=\"https:\/\/wp.scottandirwin-demo.com\/wp-content\/uploads\/2024\/04\/4.png 500w, https:\/\/wp.scottandirwin-demo.com\/wp-content\/uploads\/2024\/04\/4-300x300.png 300w, https:\/\/wp.scottandirwin-demo.com\/wp-content\/uploads\/2024\/04\/4-150x150.png 150w\" sizes=\"(max-width: 500px) 100vw, 500px\" \/><\/figure>\n<\/div>\n\n\n\n<div class=\"wp-block-column is-layout-flow wp-block-column-is-layout-flow\">\n<h3 class=\"wp-block-heading has-body-font-family\" style=\"font-size:clamp(0.875rem, 0.875rem + ((1vw - 0.2rem) * 0.708), 1.3rem);\"><strong>MOTOR DE INDU\u00c7\u00c3O<\/strong><\/h3>\n\n\n\n<p>Ela gera um campo magn\u00e9tico que a impulsiona. \u00c9 utilizada nas lavadoras de alta press\u00e3o mais utilizadas, pois garante uma vida \u00fatil mais longa.<\/p>\n<\/div>\n<\/div>\n<\/div>\n<\/div>\n<\/div>\n\n\n\n<div class=\"wp-block-ourplugin-viewer-content-block content-block-internal-HS5 hotspot-container content-block-hidden\" data-hotspot-name=\"HS5\">\n<div class=\"wp-block-columns is-layout-flex wp-container-core-columns-is-layout-10 wp-block-columns-is-layout-flex\">\n<div class=\"wp-block-column is-layout-flow wp-block-column-is-layout-flow\" style=\"flex-basis:70%\">\n<div style=\"height:10px\" aria-hidden=\"true\" class=\"wp-block-spacer\"><\/div>\n\n\n\n<div class=\"wp-block-columns is-layout-flex wp-container-core-columns-is-layout-9 wp-block-columns-is-layout-flex\">\n<div class=\"wp-block-column is-layout-flow wp-block-column-is-layout-flow\" style=\"flex-basis:10%\">\n<figure class=\"wp-block-image size-full\"><img loading=\"lazy\" decoding=\"async\" width=\"500\" height=\"500\" src=\"https:\/\/wp.scottandirwin-demo.com\/wp-content\/uploads\/2024\/04\/6.png\" alt=\"\" class=\"wp-image-102\" srcset=\"https:\/\/wp.scottandirwin-demo.com\/wp-content\/uploads\/2024\/04\/6.png 500w, https:\/\/wp.scottandirwin-demo.com\/wp-content\/uploads\/2024\/04\/6-300x300.png 300w, https:\/\/wp.scottandirwin-demo.com\/wp-content\/uploads\/2024\/04\/6-150x150.png 150w\" sizes=\"(max-width: 500px) 100vw, 500px\" \/><\/figure>\n<\/div>\n\n\n\n<div class=\"wp-block-column is-layout-flow wp-block-column-is-layout-flow\">\n<h3 class=\"wp-block-heading has-body-font-family\" style=\"font-size:clamp(0.875rem, 0.875rem + ((1vw - 0.2rem) * 0.708), 1.3rem);\"><strong>PIST\u00d5ES DE A\u00c7O INOXID\u00c1VEL TEMPERADO<\/strong><\/h3>\n\n\n\n<p>Elas garantem bom desempenho e maior durabilidade.<\/p>\n<\/div>\n<\/div>\n<\/div>\n<\/div>\n<\/div>\n\n\n\n<div class=\"wp-block-ourplugin-viewer-content-block content-block-internal-HS6 hotspot-container content-block-hidden\" data-hotspot-name=\"HS6\">\n<div class=\"wp-block-columns is-layout-flex wp-container-core-columns-is-layout-12 wp-block-columns-is-layout-flex\">\n<div class=\"wp-block-column is-layout-flow wp-block-column-is-layout-flow\" style=\"flex-basis:70%\">\n<div style=\"height:10px\" aria-hidden=\"true\" class=\"wp-block-spacer\"><\/div>\n\n\n\n<div class=\"wp-block-columns is-layout-flex wp-container-core-columns-is-layout-11 wp-block-columns-is-layout-flex\">\n<div class=\"wp-block-column is-layout-flow wp-block-column-is-layout-flow\" style=\"flex-basis:10%\">\n<figure class=\"wp-block-image size-full\"><img loading=\"lazy\" decoding=\"async\" width=\"500\" height=\"500\" src=\"https:\/\/wp.scottandirwin-demo.com\/wp-content\/uploads\/2024\/04\/2.png\" alt=\"\" class=\"wp-image-89\" srcset=\"https:\/\/wp.scottandirwin-demo.com\/wp-content\/uploads\/2024\/04\/2.png 500w, https:\/\/wp.scottandirwin-demo.com\/wp-content\/uploads\/2024\/04\/2-300x300.png 300w, https:\/\/wp.scottandirwin-demo.com\/wp-content\/uploads\/2024\/04\/2-150x150.png 150w\" sizes=\"(max-width: 500px) 100vw, 500px\" \/><\/figure>\n<\/div>\n\n\n\n<div class=\"wp-block-column is-layout-flow wp-block-column-is-layout-flow\">\n<h3 class=\"wp-block-heading has-body-font-family\" style=\"font-size:clamp(0.875rem, 0.875rem + ((1vw - 0.2rem) * 0.708), 1.3rem);\"><strong>BOMBA DE LAT\u00c3O 3P<\/strong><\/h3>\n\n\n\n<h4 class=\"wp-block-heading has-body-font-family\" style=\"font-size:clamp(0.875rem, 0.875rem + ((1vw - 0.2rem) * 0.708), 1.3rem);\">Bomba axial com cabe\u00e7ote de lat\u00e3o e pist\u00f5es de a\u00e7o temperado<\/h4>\n\n\n\n<p>Elas garantem bom desempenho e maior durabilidade.<\/p>\n\n\n\n<figure class=\"wp-block-image size-full is-resized\"><img loading=\"lazy\" decoding=\"async\" width=\"771\" height=\"701\" src=\"https:\/\/wp.scottandirwin-demo.com\/wp-content\/uploads\/2024\/04\/hs9i1.jpg\" alt=\"\" class=\"wp-image-268\" style=\"width:314px;height:auto\" srcset=\"https:\/\/wp.scottandirwin-demo.com\/wp-content\/uploads\/2024\/04\/hs9i1.jpg 771w, https:\/\/wp.scottandirwin-demo.com\/wp-content\/uploads\/2024\/04\/hs9i1-300x273.jpg 300w, https:\/\/wp.scottandirwin-demo.com\/wp-content\/uploads\/2024\/04\/hs9i1-768x698.jpg 768w\" sizes=\"(max-width: 771px) 100vw, 771px\" \/><\/figure>\n<\/div>\n<\/div>\n<\/div>\n<\/div>\n<\/div>\n\n\n\n<div class=\"wp-block-ourplugin-viewer-content-block content-block-internal-HS7 hotspot-container content-block-hidden\" data-hotspot-name=\"HS7\">\n<div class=\"wp-block-columns is-layout-flex wp-container-core-columns-is-layout-14 wp-block-columns-is-layout-flex\">\n<div class=\"wp-block-column is-layout-flow wp-block-column-is-layout-flow\" style=\"flex-basis:70%\">\n<div style=\"height:10px\" aria-hidden=\"true\" class=\"wp-block-spacer\"><\/div>\n\n\n\n<div class=\"wp-block-columns is-layout-flex wp-container-core-columns-is-layout-13 wp-block-columns-is-layout-flex\">\n<div class=\"wp-block-column is-layout-flow wp-block-column-is-layout-flow\" style=\"flex-basis:10%\">\n<figure class=\"wp-block-image size-full\"><img loading=\"lazy\" decoding=\"async\" width=\"500\" height=\"500\" src=\"https:\/\/wp.scottandirwin-demo.com\/wp-content\/uploads\/2024\/04\/7.png\" alt=\"\" class=\"wp-image-158\" srcset=\"https:\/\/wp.scottandirwin-demo.com\/wp-content\/uploads\/2024\/04\/7.png 500w, https:\/\/wp.scottandirwin-demo.com\/wp-content\/uploads\/2024\/04\/7-300x300.png 300w, https:\/\/wp.scottandirwin-demo.com\/wp-content\/uploads\/2024\/04\/7-150x150.png 150w\" sizes=\"(max-width: 500px) 100vw, 500px\" \/><\/figure>\n<\/div>\n\n\n\n<div class=\"wp-block-column is-layout-flow wp-block-column-is-layout-flow\">\n<h3 class=\"wp-block-heading has-body-font-family\" style=\"font-size:clamp(0.875rem, 0.875rem + ((1vw - 0.2rem) * 0.708), 1.3rem);\"><strong>CABE\u00c7A DE BOMBA DE LAT\u00c3O<\/strong><\/h3>\n\n\n\n<p>M\u00e1xima durabilidade, permitindo uso intensivo e duradouro.<\/p>\n<\/div>\n<\/div>\n<\/div>\n<\/div>\n<\/div>\n\n\n\n<div class=\"wp-block-ourplugin-viewer-content-block content-block-internal-HS8 hotspot-container content-block-hidden\" data-hotspot-name=\"HS8\">\n<div class=\"wp-block-columns is-layout-flex wp-container-core-columns-is-layout-16 wp-block-columns-is-layout-flex\">\n<div class=\"wp-block-column is-layout-flow wp-block-column-is-layout-flow\" style=\"flex-basis:70%\">\n<div style=\"height:10px\" aria-hidden=\"true\" class=\"wp-block-spacer\"><\/div>\n\n\n\n<div class=\"wp-block-columns is-layout-flex wp-container-core-columns-is-layout-15 wp-block-columns-is-layout-flex\">\n<div class=\"wp-block-column is-layout-flow wp-block-column-is-layout-flow\" style=\"flex-basis:10%\">\n<figure class=\"wp-block-image size-full\"><img loading=\"lazy\" decoding=\"async\" width=\"500\" height=\"500\" src=\"https:\/\/wp.scottandirwin-demo.com\/wp-content\/uploads\/2024\/04\/8_-removebg-preview.png\" alt=\"\" class=\"wp-image-333\" srcset=\"https:\/\/wp.scottandirwin-demo.com\/wp-content\/uploads\/2024\/04\/8_-removebg-preview.png 500w, https:\/\/wp.scottandirwin-demo.com\/wp-content\/uploads\/2024\/04\/8_-removebg-preview-300x300.png 300w, https:\/\/wp.scottandirwin-demo.com\/wp-content\/uploads\/2024\/04\/8_-removebg-preview-150x150.png 150w\" sizes=\"(max-width: 500px) 100vw, 500px\" \/><\/figure>\n<\/div>\n\n\n\n<div class=\"wp-block-column is-layout-flow wp-block-column-is-layout-flow\">\n<h3 class=\"wp-block-heading has-body-font-family\" style=\"font-size:clamp(0.875rem, 0.875rem + ((1vw - 0.2rem) * 0.708), 1.3rem);\"><strong>COMPACTAR<\/strong><\/h3>\n\n\n\n<p>Pode ser usado sem o carrinho. F\u00e1cil de transportar e manusear. Fixa\u00e7\u00e3o na parede.<\/p>\n<\/div>\n<\/div>\n<\/div>\n<\/div>\n<\/div>\n\n\n\n<div class=\"wp-block-ourplugin-viewer-window-block content-block-internal-window-2749 window-container content-block-hidden\" data-windownumber=\"2749\">\n<div class=\"wp-block-columns is-layout-flex wp-container-core-columns-is-layout-21 wp-block-columns-is-layout-flex\">\n<div class=\"wp-block-column is-layout-flow wp-block-column-is-layout-flow\" style=\"flex-basis:70%\">\n<div style=\"height:10px\" aria-hidden=\"true\" class=\"wp-block-spacer\"><\/div>\n\n\n\n<div class=\"wp-block-columns is-layout-flex wp-container-core-columns-is-layout-17 wp-block-columns-is-layout-flex\">\n<div class=\"wp-block-column is-layout-flow wp-block-column-is-layout-flow\" style=\"flex-basis:20%\">\n<figure class=\"wp-block-image size-full is-resized\"><img loading=\"lazy\" decoding=\"async\" width=\"494\" height=\"391\" src=\"https:\/\/wp.scottandirwin-demo.com\/wp-content\/uploads\/2024\/05\/Accesorio-01-1.png\" alt=\"\" class=\"wp-image-386\" style=\"object-fit:cover;width:70px;height:70px\" srcset=\"https:\/\/wp.scottandirwin-demo.com\/wp-content\/uploads\/2024\/05\/Accesorio-01-1.png 494w, https:\/\/wp.scottandirwin-demo.com\/wp-content\/uploads\/2024\/05\/Accesorio-01-1-300x237.png 300w, https:\/\/wp.scottandirwin-demo.com\/wp-content\/uploads\/2024\/05\/Accesorio-01-1-15x12.png 15w\" sizes=\"(max-width: 494px) 100vw, 494px\" \/><\/figure>\n<\/div>\n\n\n\n<div class=\"wp-block-column is-vertically-aligned-center is-layout-flow wp-block-column-is-layout-flow\">\n<p class=\"has-text-align-left\"><strong>L\u00e2mina de 3 pontas de 305 mm<\/strong><\/p>\n<\/div>\n<\/div>\n\n\n\n<div class=\"wp-block-columns is-layout-flex wp-container-core-columns-is-layout-18 wp-block-columns-is-layout-flex\">\n<div class=\"wp-block-column is-layout-flow wp-block-column-is-layout-flow\" style=\"flex-basis:20%\">\n<figure class=\"wp-block-image size-full is-resized\"><img loading=\"lazy\" decoding=\"async\" width=\"494\" height=\"391\" src=\"https:\/\/wp.scottandirwin-demo.com\/wp-content\/uploads\/2024\/05\/Accesorio-02-1.png\" alt=\"\" class=\"wp-image-388\" style=\"object-fit:cover;width:70px;height:70px\" srcset=\"https:\/\/wp.scottandirwin-demo.com\/wp-content\/uploads\/2024\/05\/Accesorio-02-1.png 494w, https:\/\/wp.scottandirwin-demo.com\/wp-content\/uploads\/2024\/05\/Accesorio-02-1-300x237.png 300w, https:\/\/wp.scottandirwin-demo.com\/wp-content\/uploads\/2024\/05\/Accesorio-02-1-15x12.png 15w\" sizes=\"(max-width: 494px) 100vw, 494px\" \/><\/figure>\n<\/div>\n\n\n\n<div class=\"wp-block-column is-vertically-aligned-center is-layout-flow wp-block-column-is-layout-flow\">\n<p class=\"has-text-align-left\"><strong>Cabe\u00e7a de corte semiautom\u00e1tica de 3 mm<\/strong><\/p>\n<\/div>\n<\/div>\n\n\n\n<div class=\"wp-block-columns is-layout-flex wp-container-core-columns-is-layout-19 wp-block-columns-is-layout-flex\">\n<div class=\"wp-block-column is-layout-flow wp-block-column-is-layout-flow\" style=\"flex-basis:20%\">\n<figure class=\"wp-block-image size-full is-resized\"><img loading=\"lazy\" decoding=\"async\" width=\"494\" height=\"391\" src=\"https:\/\/wp.scottandirwin-demo.com\/wp-content\/uploads\/2024\/05\/Accesorio-03-1.png\" alt=\"\" class=\"wp-image-390\" style=\"object-fit:cover;width:70px;height:70px\" srcset=\"https:\/\/wp.scottandirwin-demo.com\/wp-content\/uploads\/2024\/05\/Accesorio-03-1.png 494w, https:\/\/wp.scottandirwin-demo.com\/wp-content\/uploads\/2024\/05\/Accesorio-03-1-300x237.png 300w, https:\/\/wp.scottandirwin-demo.com\/wp-content\/uploads\/2024\/05\/Accesorio-03-1-15x12.png 15w\" sizes=\"(max-width: 494px) 100vw, 494px\" \/><\/figure>\n<\/div>\n\n\n\n<div class=\"wp-block-column is-vertically-aligned-center is-layout-flow wp-block-column-is-layout-flow\">\n<p class=\"has-text-align-left\"><strong>Recipiente de mistura de gasolina e \u00f3leo de 1L<\/strong><\/p>\n<\/div>\n<\/div>\n\n\n\n<div class=\"wp-block-columns is-layout-flex wp-container-core-columns-is-layout-20 wp-block-columns-is-layout-flex\">\n<div class=\"wp-block-column is-layout-flow wp-block-column-is-layout-flow\" style=\"flex-basis:20%\">\n<figure class=\"wp-block-image size-full is-resized\"><img loading=\"lazy\" decoding=\"async\" width=\"494\" height=\"391\" src=\"https:\/\/wp.scottandirwin-demo.com\/wp-content\/uploads\/2024\/05\/Accesorio-04-1.png\" alt=\"\" class=\"wp-image-392\" style=\"object-fit:cover;width:70px;height:70px\" srcset=\"https:\/\/wp.scottandirwin-demo.com\/wp-content\/uploads\/2024\/05\/Accesorio-04-1.png 494w, https:\/\/wp.scottandirwin-demo.com\/wp-content\/uploads\/2024\/05\/Accesorio-04-1-300x237.png 300w, https:\/\/wp.scottandirwin-demo.com\/wp-content\/uploads\/2024\/05\/Accesorio-04-1-15x12.png 15w\" sizes=\"(max-width: 494px) 100vw, 494px\" \/><\/figure>\n<\/div>\n\n\n\n<div class=\"wp-block-column is-vertically-aligned-center is-layout-flow wp-block-column-is-layout-flow\">\n<p class=\"has-text-align-left\"><strong>Arn\u00eas duplo profissional<\/strong><\/p>\n<\/div>\n<\/div>\n<\/div>\n<\/div>\n<\/div>\n\n\n\n<div class=\"wp-block-ourplugin-viewer-content-block content-block-internal-initial hotspot-container content-block-hidden\" data-hotspot-name=\"initial\">\n<div class=\"wp-block-columns is-layout-flex wp-container-core-columns-is-layout-22 wp-block-columns-is-layout-flex\">\n<div class=\"wp-block-column is-layout-flow wp-block-column-is-layout-flow\" style=\"flex-basis:70%\">\n<div style=\"height:10px\" aria-hidden=\"true\" class=\"wp-block-spacer\"><\/div>\n\n\n\n<p><strong>GAMA PROFISSIONAL<\/strong><br>Uso intensivo<\/p>\n\n\n\n<p><strong>AMPLA COBERTURA<\/strong><br>Adequado para limpeza de m\u00e1quinas agr\u00edcolas, industriais e grandes superf\u00edcies.<\/p>\n\n\n\n<p><strong>MOTOR DE INDU\u00c7\u00c3O<\/strong><br>E bomba de lat\u00e3o profissional.<\/p>\n\n\n\n<p><strong>COMPACTAR<\/strong><br>M\u00e1ximo conforto<\/p>\n<\/div>\n<\/div>\n<\/div>\n<\/div><\/div><\/div><script src=\"dependency_scripts\/viewer-script.js\"><\/script>\n<\/div>\n<\/div>\n\n\n\n<div class=\"wp-block-columns alignfull is-not-stacked-on-mobile is-layout-flex wp-container-core-columns-is-layout-24 wp-block-columns-is-layout-flex\" style=\"padding-right:0;padding-left:0\">\n<div class=\"wp-block-column is-layout-flow wp-block-column-is-layout-flow\" style=\"padding-top:0;padding-right:0;padding-bottom:0;padding-left:0;flex-basis:100%\">\n<div style=\"height:28px;width:0px\" aria-hidden=\"true\" class=\"wp-block-spacer\"><\/div>\n\n\n\n<p class=\"has-text-align-center has-custom-color-1-color has-text-color has-link-color has-body-font-family has-medium-font-size wp-elements-8aab547f1c30a426f257856e8982f699\" style=\"margin-top:0;margin-right:0;margin-bottom:0;margin-left:0\"><strong>Intera\u00e7\u00f5es<\/strong><\/p>\n\n\n\n<div class=\"wp-block-group has-medium-font-size has-global-padding is-layout-constrained wp-container-core-group-is-layout-1 wp-block-group-is-layout-constrained\" style=\"padding-right:var(--wp--preset--spacing--60);padding-left:var(--wp--preset--spacing--60)\">\n<hr class=\"wp-block-separator aligncenter has-text-color has-custom-color-1-color has-alpha-channel-opacity has-custom-color-1-background-color has-background is-style-wide\" style=\"margin-top:0\"\/>\n\n\n\n<div class=\"wp-block-buttons is-content-justification-center is-nowrap is-layout-flex wp-container-core-buttons-is-layout-1 wp-block-buttons-is-layout-flex\" style=\"margin-top:var(--wp--preset--spacing--10);margin-bottom:var(--wp--preset--spacing--10)\">\n<div class=\"wp-block-button has-custom-font-size has-small-font-size\"><a class=\"wp-block-button__link has-contrast-2-color has-text-color has-background has-link-color wp-element-button\" style=\"border-style:none;border-width:0px;border-radius:11px;background-color:#c6c6c666\">\u25b6 Um<\/a><\/div>\n\n\n\n<div class=\"wp-block-button has-custom-font-size has-small-font-size\"><a class=\"wp-block-button__link has-contrast-2-color has-text-color has-background has-link-color wp-element-button\" style=\"border-style:none;border-width:0px;border-radius:11px;background-color:#c6c6c666\">\u25b6 B<\/a><\/div>\n\n\n\n<div class=\"wp-block-button has-custom-font-size has-small-font-size\"><a class=\"wp-block-button__link has-contrast-2-color has-text-color has-background has-link-color wp-element-button\" style=\"border-style:none;border-width:0px;border-radius:11px;background-color:#c6c6c666\">\u25b6 C<\/a><\/div>\n\n\n\n<div class=\"wp-block-button has-custom-font-size has-small-font-size\"><a class=\"wp-block-button__link has-contrast-2-color has-text-color has-background has-link-color wp-element-button\" style=\"border-style:none;border-width:0px;border-radius:11px;background-color:#c6c6c666\">\u25b6 D<\/a><\/div>\n\n\n\n<div class=\"wp-block-button has-custom-font-size has-small-font-size\"><a class=\"wp-block-button__link has-contrast-2-color has-text-color has-background has-link-color wp-element-button\" style=\"border-style:none;border-width:0px;border-radius:11px;background-color:#c6c6c666\">Conta<\/a><\/div>\n\n\n\n<div class=\"wp-block-button has-custom-font-size has-small-font-size\"><a class=\"wp-block-button__link has-contrast-2-color has-text-color has-background has-link-color wp-element-button\" style=\"border-style:none;border-width:0px;border-radius:11px;background-color:#c6c6c666\">\ud83d\uddce PDF<\/a><\/div>\n<\/div>\n<\/div>\n<\/div>\n<\/div>","protected":false},"excerpt":{"rendered":"<p>Intera\u00e7\u00f5es<\/p>","protected":false},"author":1,"featured_media":0,"parent":0,"menu_order":0,"comment_status":"closed","ping_status":"closed","template":"","meta":{"footnotes":""},"_links":{"self":[{"href":"https:\/\/wp.scottandirwin-demo.com\/pt\/wp-json\/wp\/v2\/pages\/246"}],"collection":[{"href":"https:\/\/wp.scottandirwin-demo.com\/pt\/wp-json\/wp\/v2\/pages"}],"about":[{"href":"https:\/\/wp.scottandirwin-demo.com\/pt\/wp-json\/wp\/v2\/types\/page"}],"author":[{"embeddable":true,"href":"https:\/\/wp.scottandirwin-demo.com\/pt\/wp-json\/wp\/v2\/users\/1"}],"replies":[{"embeddable":true,"href":"https:\/\/wp.scottandirwin-demo.com\/pt\/wp-json\/wp\/v2\/comments?post=246"}],"version-history":[{"count":11,"href":"https:\/\/wp.scottandirwin-demo.com\/pt\/wp-json\/wp\/v2\/pages\/246\/revisions"}],"predecessor-version":[{"id":527,"href":"https:\/\/wp.scottandirwin-demo.com\/pt\/wp-json\/wp\/v2\/pages\/246\/revisions\/527"}],"wp:attachment":[{"href":"https:\/\/wp.scottandirwin-demo.com\/pt\/wp-json\/wp\/v2\/media?parent=246"}],"curies":[{"name":"wp","href":"https:\/\/api.w.org\/{rel}","templated":true}]}}