{"id":138,"date":"2024-04-23T16:10:32","date_gmt":"2024-04-23T14:10:32","guid":{"rendered":"https:\/\/wp.scottandirwin-demo.com\/?page_id=138"},"modified":"2024-05-06T23:46:38","modified_gmt":"2024-05-06T21:46:38","slug":"desbrozadora-db5300s","status":"publish","type":"page","link":"https:\/\/wp.scottandirwin-demo.com\/pt\/desbrozadora-db5300s\/","title":{"rendered":"Ro\u00e7adeira DB5300S"},"content":{"rendered":"<div class=\"wp-block-columns alignfull is-layout-flex wp-container-core-columns-is-layout-21 wp-block-columns-is-layout-flex\">\n<div class=\"wp-block-column is-layout-flow wp-block-column-is-layout-flow\">\n<div class=\"block-wrapper\"><div class=\"iframe-container\" style=\"width:250vw\"><div class=\"iframe-button-container\"><iframe class=\"viewer-frame\" id=\"api-frame\" data-model-uid=\"7d4eb933ce5342a49c0970ae8e6f3909\" allow=\"autoplay; xr-spatial-tracking\" allowfullscreen mozallowfullscreen=\"true\" webkitallowfullscreen=\"true\"><\/iframe><div class=\"anim-buttons-container\"><button class=\"viewer-button viewer-button-animation\" style=\"font-size:14px;color:#000000bd;background-color:#c6c6c666;padding:10px\" data-animationnum=\"1\" data-cameranum=\"1\"><span class=\"viewer-button-icon\" style=\"width:14px;aspect-ratio:1\/1\"><svg xmlns=\"http:\/\/www.w3.org\/2000\/svg\" viewbox=\"0 0 16.1 16.1\"><path d=\"m12 8.6-5.4 3.1c-.4.2-.8-.1-.8-.5V4.9c0-.4.5-.7.8-.5L12 7.6c.3.2.3.7 0 1zm4.1-.5C16.1 3.6 12.5 0 8 0 3.6 0 0 3.6 0 8.1c0 4.4 3.6 8.1 8.1 8.1 4.4-.1 8-3.7 8-8.1zm-.6 0c0 4.1-3.3 7.5-7.5 7.5S.5 12.3.5 8.1 4 .6 8.1.6s7.4 3.4 7.4 7.5z\"><\/path><\/svg><\/span><span>Manuten\u00e7\u00e3o do filtro<\/span><\/button><button class=\"viewer-button viewer-button-animation\" style=\"font-size:14px;color:#000000bd;background-color:#c6c6c666;padding:10px\" data-animationnum=\"3\" data-cameranum=\"2\"><span class=\"viewer-button-icon\" style=\"width:14px;aspect-ratio:1\/1\"><svg xmlns=\"http:\/\/www.w3.org\/2000\/svg\" viewbox=\"0 0 16.1 16.1\"><path d=\"m12 8.6-5.4 3.1c-.4.2-.8-.1-.8-.5V4.9c0-.4.5-.7.8-.5L12 7.6c.3.2.3.7 0 1zm4.1-.5C16.1 3.6 12.5 0 8 0 3.6 0 0 3.6 0 8.1c0 4.4 3.6 8.1 8.1 8.1 4.4-.1 8-3.7 8-8.1zm-.6 0c0 4.1-3.3 7.5-7.5 7.5S.5 12.3.5 8.1 4 .6 8.1.6s7.4 3.4 7.4 7.5z\"><\/path><\/svg><\/span><span>Mudan\u00e7a de cabe\u00e7a<\/span><\/button><button class=\"viewer-button viewer-button-animation\" style=\"font-size:14px;color:#000000bd;background-color:#c6c6c666;padding:10px\" data-animationnum=\"7\" data-cameranum=\"3\"><span class=\"viewer-button-icon\" style=\"width:14px;aspect-ratio:1\/1\"><svg xmlns=\"http:\/\/www.w3.org\/2000\/svg\" viewbox=\"0 0 16.1 16.1\"><path d=\"m12 8.6-5.4 3.1c-.4.2-.8-.1-.8-.5V4.9c0-.4.5-.7.8-.5L12 7.6c.3.2.3.7 0 1zm4.1-.5C16.1 3.6 12.5 0 8 0 3.6 0 0 3.6 0 8.1c0 4.4 3.6 8.1 8.1 8.1 4.4-.1 8-3.7 8-8.1zm-.6 0c0 4.1-3.3 7.5-7.5 7.5S.5 12.3.5 8.1 4 .6 8.1.6s7.4 3.4 7.4 7.5z\"><\/path><\/svg><\/span><span>Veja Vela de Igni\u00e7\u00e3o<\/span><\/button><button class=\"viewer-button viewer-button-animation\" style=\"font-size:14px;color:#000000bd;background-color:#c6c6c666;padding:10px\" data-animationnum=\"9\" data-cameranum=\"4\"><span class=\"viewer-button-icon\" style=\"width:14px;aspect-ratio:1\/1\"><svg xmlns=\"http:\/\/www.w3.org\/2000\/svg\" viewbox=\"0 0 16.1 16.1\"><path d=\"m12 8.6-5.4 3.1c-.4.2-.8-.1-.8-.5V4.9c0-.4.5-.7.8-.5L12 7.6c.3.2.3.7 0 1zm4.1-.5C16.1 3.6 12.5 0 8 0 3.6 0 0 3.6 0 8.1c0 4.4 3.6 8.1 8.1 8.1 4.4-.1 8-3.7 8-8.1zm-.6 0c0 4.1-3.3 7.5-7.5 7.5S.5 12.3.5 8.1 4 .6 8.1.6s7.4 3.4 7.4 7.5z\"><\/path><\/svg><\/span><span>Come\u00e7ar<\/span><\/button><button class=\"viewer-button viewer-button-window\" style=\"font-size:14px;color:#000000bd;background-color:#c6c6c666;padding:10px\" data-windowbutton=\"8266\"><span class=\"viewer-button-icon\" style=\"width:14px;aspect-ratio:1\/1\"><svg xmlns=\"http:\/\/www.w3.org\/2000\/svg\" viewbox=\"0 0 16.1 16.1\"><path d=\"m12 8.6-5.4 3.1c-.4.2-.8-.1-.8-.5V4.9c0-.4.5-.7.8-.5L12 7.6c.3.2.3.7 0 1zm4.1-.5C16.1 3.6 12.5 0 8 0 3.6 0 0 3.6 0 8.1c0 4.4 3.6 8.1 8.1 8.1 4.4-.1 8-3.7 8-8.1zm-.6 0c0 4.1-3.3 7.5-7.5 7.5S.5 12.3.5 8.1 4 .6 8.1.6s7.4 3.4 7.4 7.5z\"><\/path><\/svg><\/span><span>Acess\u00f3rios<\/span><\/button><a href=\"https:\/\/wp.scottandirwin-demo.com\/wp-content\/uploads\/2024\/04\/TJ053E-AS59E.pdf\" class=\"viewer-anchor viewer-button-anchor\" style=\"font-size:14px;color:#000000bd;background-color:#c6c6c666;padding:10px\" target=\"_blank\" rel=\"noopener noreferrer\"><span class=\"viewer-button-icon\" style=\"width:14px;aspect-ratio:1\/1\"><svg xmlns=\"http:\/\/www.w3.org\/2000\/svg\" viewbox=\"0 0 16.1 16.1\"><path d=\"M8.1 16.1c-4.5 0-8.1-3.6-8.1-8S3.6 0 8.1 0s8.1 3.6 8.1 8.1-3.7 8-8.1 8zM8.1.6C4 .6.6 4 .6 8.1s3.3 7.5 7.5 7.5 7.5-3.3 7.5-7.5C15.5 4 12.2.6 8.1.6zm.5 7.1v-3h-1v3c-.4-.3-.7-.6-1.1-.8-.2.3-.4.5-.6.8L8 9.2h.2c.4-.3.7-.5 1.1-.8.3-.2.6-.5.9-.7-.2-.3-.4-.5-.6-.8-.3.2-.7.5-1 .8zm-4.2 3.6h7.3v-1H4.4v1z\"><\/path><\/svg><\/span><span>Informa\u00e7\u00e3o t\u00e9cnica<\/span><\/a><\/div><\/div><\/div><div class=\"innerblocks-container\"><div class=\"innerblocks-wrapper\">\n<h2 class=\"wp-block-heading has-body-font-family\" style=\"font-size:clamp(1.301rem, 1.301rem + ((1vw - 0.2rem) * 1.332), 2.1rem);\"><strong>CORTADOR DE ESCOVA<\/strong>&nbsp;<\/h2>\n\n\n\n<h2 class=\"wp-block-heading has-body-font-family has-large-font-size\">DS5300S<\/h2>\n\n\n\n<div class=\"wp-block-ourplugin-viewer-content-block content-block-internal-HS1 hotspot-container content-block-hidden\" data-hotspot-name=\"HS1\">\n<div class=\"wp-block-columns is-layout-flex wp-container-core-columns-is-layout-2 wp-block-columns-is-layout-flex\">\n<div class=\"wp-block-column is-layout-flow wp-block-column-is-layout-flow\" style=\"flex-basis:70%\">\n<div style=\"height:10px\" aria-hidden=\"true\" class=\"wp-block-spacer\"><\/div>\n\n\n\n<div class=\"wp-block-columns is-layout-flex wp-container-core-columns-is-layout-1 wp-block-columns-is-layout-flex\">\n<div class=\"wp-block-column is-layout-flow wp-block-column-is-layout-flow\" style=\"flex-basis:10%\">\n<figure class=\"wp-block-image size-full\"><img loading=\"lazy\" decoding=\"async\" width=\"500\" height=\"500\" src=\"https:\/\/wp.scottandirwin-demo.com\/wp-content\/uploads\/2024\/04\/1.png\" alt=\"\" class=\"wp-image-72\" srcset=\"https:\/\/wp.scottandirwin-demo.com\/wp-content\/uploads\/2024\/04\/1.png 500w, https:\/\/wp.scottandirwin-demo.com\/wp-content\/uploads\/2024\/04\/1-300x300.png 300w, https:\/\/wp.scottandirwin-demo.com\/wp-content\/uploads\/2024\/04\/1-150x150.png 150w\" sizes=\"(max-width: 500px) 100vw, 500px\" \/><\/figure>\n<\/div>\n\n\n\n<div class=\"wp-block-column is-layout-flow wp-block-column-is-layout-flow\">\n<h3 class=\"wp-block-heading has-body-font-family\" style=\"font-size:clamp(0.875rem, 0.875rem + ((1vw - 0.2rem) * 0.708), 1.3rem);\"><strong>TRANSMISS\u00c3O<\/strong><\/h3>\n\n\n\n<p>Eixo de transmiss\u00e3o de 28 mm com rolamentos de bronze autolubrificantes e eixo de transmiss\u00e3o de 10 mm com 11 estrias.<\/p>\n<\/div>\n<\/div>\n<\/div>\n<\/div>\n<\/div>\n\n\n\n<div class=\"wp-block-ourplugin-viewer-content-block content-block-internal-HS2 hotspot-container content-block-hidden\" data-hotspot-name=\"HS2\">\n<div class=\"wp-block-columns is-layout-flex wp-container-core-columns-is-layout-4 wp-block-columns-is-layout-flex\">\n<div class=\"wp-block-column is-layout-flow wp-block-column-is-layout-flow\" style=\"flex-basis:70%\">\n<div style=\"height:10px\" aria-hidden=\"true\" class=\"wp-block-spacer\"><\/div>\n\n\n\n<div class=\"wp-block-columns is-layout-flex wp-container-core-columns-is-layout-3 wp-block-columns-is-layout-flex\">\n<div class=\"wp-block-column is-layout-flow wp-block-column-is-layout-flow\" style=\"flex-basis:10%\">\n<figure class=\"wp-block-image size-full\"><img loading=\"lazy\" decoding=\"async\" width=\"500\" height=\"500\" src=\"https:\/\/wp.scottandirwin-demo.com\/wp-content\/uploads\/2024\/04\/2.png\" alt=\"\" class=\"wp-image-89\" srcset=\"https:\/\/wp.scottandirwin-demo.com\/wp-content\/uploads\/2024\/04\/2.png 500w, https:\/\/wp.scottandirwin-demo.com\/wp-content\/uploads\/2024\/04\/2-300x300.png 300w, https:\/\/wp.scottandirwin-demo.com\/wp-content\/uploads\/2024\/04\/2-150x150.png 150w\" sizes=\"(max-width: 500px) 100vw, 500px\" \/><\/figure>\n<\/div>\n\n\n\n<div class=\"wp-block-column is-layout-flow wp-block-column-is-layout-flow\">\n<h3 class=\"wp-block-heading has-body-font-family\" style=\"font-size:clamp(0.875rem, 0.875rem + ((1vw - 0.2rem) * 0.708), 1.3rem);\"><strong>VIBRA\u00c7\u00c3O DE CONFORTO<\/strong><\/h3>\n\n\n\n<p>Sistema de absor\u00e7\u00e3o de vibra\u00e7\u00f5es. Maximiza o conforto de uso e reduz o esfor\u00e7o durante o uso<\/p>\n<\/div>\n<\/div>\n<\/div>\n<\/div>\n<\/div>\n\n\n\n<div class=\"wp-block-ourplugin-viewer-content-block content-block-internal-HS3 hotspot-container content-block-hidden\" data-hotspot-name=\"HS3\">\n<div class=\"wp-block-columns is-layout-flex wp-container-core-columns-is-layout-6 wp-block-columns-is-layout-flex\">\n<div class=\"wp-block-column is-layout-flow wp-block-column-is-layout-flow\" style=\"flex-basis:70%\">\n<div style=\"height:10px\" aria-hidden=\"true\" class=\"wp-block-spacer\"><\/div>\n\n\n\n<div class=\"wp-block-columns is-layout-flex wp-container-core-columns-is-layout-5 wp-block-columns-is-layout-flex\">\n<div class=\"wp-block-column is-layout-flow wp-block-column-is-layout-flow\" style=\"flex-basis:10%\">\n<figure class=\"wp-block-image size-full\"><img loading=\"lazy\" decoding=\"async\" width=\"500\" height=\"500\" src=\"https:\/\/wp.scottandirwin-demo.com\/wp-content\/uploads\/2024\/04\/3.png\" alt=\"\" class=\"wp-image-93\" srcset=\"https:\/\/wp.scottandirwin-demo.com\/wp-content\/uploads\/2024\/04\/3.png 500w, https:\/\/wp.scottandirwin-demo.com\/wp-content\/uploads\/2024\/04\/3-300x300.png 300w, https:\/\/wp.scottandirwin-demo.com\/wp-content\/uploads\/2024\/04\/3-150x150.png 150w\" sizes=\"(max-width: 500px) 100vw, 500px\" \/><\/figure>\n<\/div>\n\n\n\n<div class=\"wp-block-column is-layout-flow wp-block-column-is-layout-flow\">\n<h3 class=\"wp-block-heading has-body-font-family\" style=\"font-size:clamp(0.875rem, 0.875rem + ((1vw - 0.2rem) * 0.708), 1.3rem);\"><strong>PUNHO MULTIFUN\u00c7\u00c3O e GUID\u00c3O AJUST\u00c1VEL<\/strong><\/h3>\n\n\n\n<p>Sem ferramentas, para facilitar ao m\u00e1ximo a adapta\u00e7\u00e3o a cada usu\u00e1rio<\/p>\n<\/div>\n<\/div>\n<\/div>\n<\/div>\n<\/div>\n\n\n\n<div class=\"wp-block-ourplugin-viewer-content-block content-block-internal-HS4 hotspot-container content-block-hidden\" data-hotspot-name=\"HS4\">\n<div class=\"wp-block-columns is-layout-flex wp-container-core-columns-is-layout-8 wp-block-columns-is-layout-flex\">\n<div class=\"wp-block-column is-layout-flow wp-block-column-is-layout-flow\" style=\"flex-basis:70%\">\n<div style=\"height:10px\" aria-hidden=\"true\" class=\"wp-block-spacer\"><\/div>\n\n\n\n<div class=\"wp-block-columns is-layout-flex wp-container-core-columns-is-layout-7 wp-block-columns-is-layout-flex\">\n<div class=\"wp-block-column is-layout-flow wp-block-column-is-layout-flow\" style=\"flex-basis:10%\">\n<figure class=\"wp-block-image size-full\"><img loading=\"lazy\" decoding=\"async\" width=\"500\" height=\"500\" src=\"https:\/\/wp.scottandirwin-demo.com\/wp-content\/uploads\/2024\/04\/4.png\" alt=\"\" class=\"wp-image-96\" srcset=\"https:\/\/wp.scottandirwin-demo.com\/wp-content\/uploads\/2024\/04\/4.png 500w, https:\/\/wp.scottandirwin-demo.com\/wp-content\/uploads\/2024\/04\/4-300x300.png 300w, https:\/\/wp.scottandirwin-demo.com\/wp-content\/uploads\/2024\/04\/4-150x150.png 150w\" sizes=\"(max-width: 500px) 100vw, 500px\" \/><\/figure>\n<\/div>\n\n\n\n<div class=\"wp-block-column is-layout-flow wp-block-column-is-layout-flow\">\n<h3 class=\"wp-block-heading has-body-font-family\" style=\"font-size:clamp(0.875rem, 0.875rem + ((1vw - 0.2rem) * 0.708), 1.3rem);\"><strong>CARBURADOR WALBRO<\/strong><\/h3>\n\n\n\n<p>Carburador de diafragma de alto desempenho. Confiabilidade m\u00e1xima<\/p>\n<\/div>\n<\/div>\n<\/div>\n<\/div>\n<\/div>\n\n\n\n<div class=\"wp-block-ourplugin-viewer-content-block content-block-internal-HS5 hotspot-container content-block-hidden\" data-hotspot-name=\"HS5\">\n<div class=\"wp-block-columns is-layout-flex wp-container-core-columns-is-layout-10 wp-block-columns-is-layout-flex\">\n<div class=\"wp-block-column is-layout-flow wp-block-column-is-layout-flow\" style=\"flex-basis:70%\">\n<div style=\"height:10px\" aria-hidden=\"true\" class=\"wp-block-spacer\"><\/div>\n\n\n\n<div class=\"wp-block-columns is-layout-flex wp-container-core-columns-is-layout-9 wp-block-columns-is-layout-flex\">\n<div class=\"wp-block-column is-layout-flow wp-block-column-is-layout-flow\" style=\"flex-basis:10%\">\n<figure class=\"wp-block-image size-full\"><img loading=\"lazy\" decoding=\"async\" width=\"500\" height=\"500\" src=\"https:\/\/wp.scottandirwin-demo.com\/wp-content\/uploads\/2024\/04\/5.png\" alt=\"\" class=\"wp-image-151\" srcset=\"https:\/\/wp.scottandirwin-demo.com\/wp-content\/uploads\/2024\/04\/5.png 500w, https:\/\/wp.scottandirwin-demo.com\/wp-content\/uploads\/2024\/04\/5-300x300.png 300w, https:\/\/wp.scottandirwin-demo.com\/wp-content\/uploads\/2024\/04\/5-150x150.png 150w\" sizes=\"(max-width: 500px) 100vw, 500px\" \/><\/figure>\n<\/div>\n\n\n\n<div class=\"wp-block-column is-layout-flow wp-block-column-is-layout-flow\">\n<h3 class=\"wp-block-heading has-body-font-family\" style=\"font-size:clamp(0.875rem, 0.875rem + ((1vw - 0.2rem) * 0.708), 1.3rem);\"><strong>MOTOR KAWASAKI<\/strong><\/h3>\n\n\n\n<p>M\u00e1xima confian\u00e7a e confiabilidade para o usu\u00e1rio.<br>Motor Kawasaki TJ53E-LP 2 tempos:<br>* Poderoso e robusto<br>* 53,2 cc + 2,0 kW \/ 8500 rpm<\/p>\n<\/div>\n<\/div>\n<\/div>\n<\/div>\n<\/div>\n\n\n\n<div class=\"wp-block-ourplugin-viewer-content-block content-block-internal-HS6 hotspot-container content-block-hidden\" data-hotspot-name=\"HS6\">\n<div class=\"wp-block-columns is-layout-flex wp-container-core-columns-is-layout-12 wp-block-columns-is-layout-flex\">\n<div class=\"wp-block-column is-layout-flow wp-block-column-is-layout-flow\" style=\"flex-basis:70%\">\n<div style=\"height:10px\" aria-hidden=\"true\" class=\"wp-block-spacer\"><\/div>\n\n\n\n<div class=\"wp-block-columns is-layout-flex wp-container-core-columns-is-layout-11 wp-block-columns-is-layout-flex\">\n<div class=\"wp-block-column is-layout-flow wp-block-column-is-layout-flow\" style=\"flex-basis:10%\">\n<figure class=\"wp-block-image size-full\"><img loading=\"lazy\" decoding=\"async\" width=\"500\" height=\"500\" src=\"https:\/\/wp.scottandirwin-demo.com\/wp-content\/uploads\/2024\/04\/6.png\" alt=\"\" class=\"wp-image-102\" srcset=\"https:\/\/wp.scottandirwin-demo.com\/wp-content\/uploads\/2024\/04\/6.png 500w, https:\/\/wp.scottandirwin-demo.com\/wp-content\/uploads\/2024\/04\/6-300x300.png 300w, https:\/\/wp.scottandirwin-demo.com\/wp-content\/uploads\/2024\/04\/6-150x150.png 150w\" sizes=\"(max-width: 500px) 100vw, 500px\" \/><\/figure>\n<\/div>\n\n\n\n<div class=\"wp-block-column is-layout-flow wp-block-column-is-layout-flow\">\n<h3 class=\"wp-block-heading has-body-font-family\" style=\"font-size:clamp(0.875rem, 0.875rem + ((1vw - 0.2rem) * 0.708), 1.3rem);\"><strong>IN\u00cdCIO ULTRA F\u00c1CIL<\/strong><\/h3>\n\n\n\n<p>Sistema de partida ultra f\u00e1cil, com sistema de recuo leve que facilita a partida da m\u00e1quina<\/p>\n<\/div>\n<\/div>\n<\/div>\n<\/div>\n<\/div>\n\n\n\n<div class=\"wp-block-ourplugin-viewer-content-block content-block-internal-HS7 hotspot-container content-block-hidden\" data-hotspot-name=\"HS7\">\n<div class=\"wp-block-columns is-layout-flex wp-container-core-columns-is-layout-14 wp-block-columns-is-layout-flex\">\n<div class=\"wp-block-column is-layout-flow wp-block-column-is-layout-flow\" style=\"flex-basis:70%\">\n<div style=\"height:10px\" aria-hidden=\"true\" class=\"wp-block-spacer\"><\/div>\n\n\n\n<div class=\"wp-block-columns is-layout-flex wp-container-core-columns-is-layout-13 wp-block-columns-is-layout-flex\">\n<div class=\"wp-block-column is-layout-flow wp-block-column-is-layout-flow\" style=\"flex-basis:10%\">\n<figure class=\"wp-block-image size-full\"><img loading=\"lazy\" decoding=\"async\" width=\"500\" height=\"500\" src=\"https:\/\/wp.scottandirwin-demo.com\/wp-content\/uploads\/2024\/04\/7.png\" alt=\"\" class=\"wp-image-158\" srcset=\"https:\/\/wp.scottandirwin-demo.com\/wp-content\/uploads\/2024\/04\/7.png 500w, https:\/\/wp.scottandirwin-demo.com\/wp-content\/uploads\/2024\/04\/7-300x300.png 300w, https:\/\/wp.scottandirwin-demo.com\/wp-content\/uploads\/2024\/04\/7-150x150.png 150w\" sizes=\"(max-width: 500px) 100vw, 500px\" \/><\/figure>\n<\/div>\n\n\n\n<div class=\"wp-block-column is-layout-flow wp-block-column-is-layout-flow\">\n<h3 class=\"wp-block-heading has-body-font-family\" style=\"font-size:clamp(0.875rem, 0.875rem + ((1vw - 0.2rem) * 0.708), 1.3rem);\"><strong>EMBREAGEM DE ALTO DESEMPENHO<\/strong><\/h3>\n\n\n\n<figure class=\"wp-block-image size-full is-resized\"><img loading=\"lazy\" decoding=\"async\" width=\"894\" height=\"882\" src=\"https:\/\/wp.scottandirwin-demo.com\/wp-content\/uploads\/2024\/04\/hs8i1.jpg\" alt=\"\" class=\"wp-image-104\" style=\"width:292px;height:auto\" srcset=\"https:\/\/wp.scottandirwin-demo.com\/wp-content\/uploads\/2024\/04\/hs8i1.jpg 894w, https:\/\/wp.scottandirwin-demo.com\/wp-content\/uploads\/2024\/04\/hs8i1-300x296.jpg 300w, https:\/\/wp.scottandirwin-demo.com\/wp-content\/uploads\/2024\/04\/hs8i1-768x758.jpg 768w\" sizes=\"(max-width: 894px) 100vw, 894px\" \/><\/figure>\n<\/div>\n<\/div>\n<\/div>\n<\/div>\n<\/div>\n\n\n\n<div class=\"wp-block-ourplugin-viewer-window-block content-block-internal-window-8266 window-container content-block-hidden\" data-windownumber=\"8266\">\n<div class=\"wp-block-columns is-layout-flex wp-container-core-columns-is-layout-19 wp-block-columns-is-layout-flex\">\n<div class=\"wp-block-column is-layout-flow wp-block-column-is-layout-flow\" style=\"flex-basis:70%\">\n<div style=\"height:10px\" aria-hidden=\"true\" class=\"wp-block-spacer\"><\/div>\n\n\n\n<div class=\"wp-block-columns is-layout-flex wp-container-core-columns-is-layout-15 wp-block-columns-is-layout-flex\">\n<div class=\"wp-block-column is-layout-flow wp-block-column-is-layout-flow\" style=\"flex-basis:30%\">\n<figure class=\"wp-block-image size-full is-resized\"><img loading=\"lazy\" decoding=\"async\" width=\"494\" height=\"391\" src=\"https:\/\/wp.scottandirwin-demo.com\/wp-content\/uploads\/2024\/05\/Accesorio-01.png\" alt=\"\" class=\"wp-image-387\" style=\"object-fit:cover;width:70px;height:70px\" srcset=\"https:\/\/wp.scottandirwin-demo.com\/wp-content\/uploads\/2024\/05\/Accesorio-01.png 494w, https:\/\/wp.scottandirwin-demo.com\/wp-content\/uploads\/2024\/05\/Accesorio-01-300x237.png 300w, https:\/\/wp.scottandirwin-demo.com\/wp-content\/uploads\/2024\/05\/Accesorio-01-15x12.png 15w\" sizes=\"(max-width: 494px) 100vw, 494px\" \/><\/figure>\n<\/div>\n\n\n\n<div class=\"wp-block-column is-vertically-aligned-center is-layout-flow wp-block-column-is-layout-flow\">\n<p class=\"has-text-align-left\"><strong>L\u00e2mina de 3 pontas de 305 mm<\/strong><\/p>\n<\/div>\n<\/div>\n\n\n\n<div class=\"wp-block-columns is-layout-flex wp-container-core-columns-is-layout-16 wp-block-columns-is-layout-flex\">\n<div class=\"wp-block-column is-layout-flow wp-block-column-is-layout-flow\" style=\"flex-basis:20%\">\n<figure class=\"wp-block-image size-full is-resized\"><img loading=\"lazy\" decoding=\"async\" width=\"494\" height=\"391\" src=\"https:\/\/wp.scottandirwin-demo.com\/wp-content\/uploads\/2024\/05\/Accesorio-02.png\" alt=\"\" class=\"wp-image-389\" style=\"object-fit:cover;width:70px;height:70px\" srcset=\"https:\/\/wp.scottandirwin-demo.com\/wp-content\/uploads\/2024\/05\/Accesorio-02.png 494w, https:\/\/wp.scottandirwin-demo.com\/wp-content\/uploads\/2024\/05\/Accesorio-02-300x237.png 300w, https:\/\/wp.scottandirwin-demo.com\/wp-content\/uploads\/2024\/05\/Accesorio-02-15x12.png 15w\" sizes=\"(max-width: 494px) 100vw, 494px\" \/><\/figure>\n<\/div>\n\n\n\n<div class=\"wp-block-column is-vertically-aligned-center is-layout-flow wp-block-column-is-layout-flow\">\n<p class=\"has-text-align-left\"><strong>Cabe\u00e7a de corte semiautom\u00e1tica de 3 mm<\/strong><\/p>\n<\/div>\n<\/div>\n\n\n\n<div class=\"wp-block-columns is-layout-flex wp-container-core-columns-is-layout-17 wp-block-columns-is-layout-flex\">\n<div class=\"wp-block-column is-layout-flow wp-block-column-is-layout-flow\" style=\"flex-basis:20%\">\n<figure class=\"wp-block-image size-full is-resized\"><img loading=\"lazy\" decoding=\"async\" width=\"494\" height=\"391\" src=\"https:\/\/wp.scottandirwin-demo.com\/wp-content\/uploads\/2024\/05\/Accesorio-03.png\" alt=\"\" class=\"wp-image-391\" style=\"object-fit:cover;width:70px;height:70px\" srcset=\"https:\/\/wp.scottandirwin-demo.com\/wp-content\/uploads\/2024\/05\/Accesorio-03.png 494w, https:\/\/wp.scottandirwin-demo.com\/wp-content\/uploads\/2024\/05\/Accesorio-03-300x237.png 300w, https:\/\/wp.scottandirwin-demo.com\/wp-content\/uploads\/2024\/05\/Accesorio-03-15x12.png 15w\" sizes=\"(max-width: 494px) 100vw, 494px\" \/><\/figure>\n<\/div>\n\n\n\n<div class=\"wp-block-column is-vertically-aligned-center is-layout-flow wp-block-column-is-layout-flow\">\n<p class=\"has-text-align-left\"><strong>Recipiente de mistura de gasolina e \u00f3leo de 1L<\/strong><\/p>\n<\/div>\n<\/div>\n\n\n\n<div class=\"wp-block-columns is-layout-flex wp-container-core-columns-is-layout-18 wp-block-columns-is-layout-flex\">\n<div class=\"wp-block-column is-layout-flow wp-block-column-is-layout-flow\" style=\"flex-basis:20%\">\n<figure class=\"wp-block-image size-full is-resized\"><img loading=\"lazy\" decoding=\"async\" width=\"890\" height=\"750\" src=\"https:\/\/wp.scottandirwin-demo.com\/wp-content\/uploads\/2024\/05\/Accesorio-04.png\" alt=\"\" class=\"wp-image-393\" style=\"object-fit:cover;width:70px;height:70px\" srcset=\"https:\/\/wp.scottandirwin-demo.com\/wp-content\/uploads\/2024\/05\/Accesorio-04.png 890w, https:\/\/wp.scottandirwin-demo.com\/wp-content\/uploads\/2024\/05\/Accesorio-04-300x253.png 300w, https:\/\/wp.scottandirwin-demo.com\/wp-content\/uploads\/2024\/05\/Accesorio-04-768x647.png 768w, https:\/\/wp.scottandirwin-demo.com\/wp-content\/uploads\/2024\/05\/Accesorio-04-14x12.png 14w\" sizes=\"(max-width: 890px) 100vw, 890px\" \/><\/figure>\n<\/div>\n\n\n\n<div class=\"wp-block-column is-vertically-aligned-center is-layout-flow wp-block-column-is-layout-flow\">\n<p class=\"has-text-align-left\"><strong>Arn\u00eas duplo profissional<\/strong><\/p>\n<\/div>\n<\/div>\n<\/div>\n<\/div>\n<\/div>\n\n\n\n<div class=\"wp-block-ourplugin-viewer-content-block content-block-internal-initial hotspot-container content-block-hidden\" data-hotspot-name=\"initial\">\n<div class=\"wp-block-columns is-layout-flex wp-container-core-columns-is-layout-20 wp-block-columns-is-layout-flex\">\n<div class=\"wp-block-column is-layout-flow wp-block-column-is-layout-flow\" style=\"flex-basis:70%\">\n<div style=\"height:10px\" aria-hidden=\"true\" class=\"wp-block-spacer\"><\/div>\n\n\n\n<p>Para limpar e aparar vegeta\u00e7\u00e3o rasteira lenhosa e \u00e1reas com grama alta.<\/p>\n\n\n\n<p><strong>MOTOR KAWASAKI \/<br>CARBURADOR WALBRO:<\/strong><br>Marcas reconhec\u00edveis pelo usu\u00e1rio final. Qualidade, Confiabilidade.<\/p>\n\n\n\n<p><strong>SISTEMA ANTI-VIBRA\u00c7\u00c3O:<\/strong><br>Minimiza a transmiss\u00e3o de vibra\u00e7\u00e3o ao usu\u00e1rio. Maior ergonomia.<\/p>\n\n\n\n<p><strong>SISTEMA DE PARTIDA ULTRA F\u00c1CIL<\/strong>&nbsp;(apenas um modelo).<\/p>\n<\/div>\n<\/div>\n<\/div>\n<\/div><\/div><\/div><script src=\"dependency_scripts\/viewer-script.js\"><\/script>\n<\/div>\n<\/div>","protected":false},"excerpt":{"rendered":"","protected":false},"author":1,"featured_media":0,"parent":0,"menu_order":0,"comment_status":"closed","ping_status":"closed","template":"","meta":{"footnotes":""},"_links":{"self":[{"href":"https:\/\/wp.scottandirwin-demo.com\/pt\/wp-json\/wp\/v2\/pages\/138"}],"collection":[{"href":"https:\/\/wp.scottandirwin-demo.com\/pt\/wp-json\/wp\/v2\/pages"}],"about":[{"href":"https:\/\/wp.scottandirwin-demo.com\/pt\/wp-json\/wp\/v2\/types\/page"}],"author":[{"embeddable":true,"href":"https:\/\/wp.scottandirwin-demo.com\/pt\/wp-json\/wp\/v2\/users\/1"}],"replies":[{"embeddable":true,"href":"https:\/\/wp.scottandirwin-demo.com\/pt\/wp-json\/wp\/v2\/comments?post=138"}],"version-history":[{"count":8,"href":"https:\/\/wp.scottandirwin-demo.com\/pt\/wp-json\/wp\/v2\/pages\/138\/revisions"}],"predecessor-version":[{"id":488,"href":"https:\/\/wp.scottandirwin-demo.com\/pt\/wp-json\/wp\/v2\/pages\/138\/revisions\/488"}],"wp:attachment":[{"href":"https:\/\/wp.scottandirwin-demo.com\/pt\/wp-json\/wp\/v2\/media?parent=138"}],"curies":[{"name":"wp","href":"https:\/\/api.w.org\/{rel}","templated":true}]}}